{"id":5044,"date":"2023-06-08T09:08:41","date_gmt":"2023-06-08T09:08:41","guid":{"rendered":"https:\/\/skskoltuk.com\/%d9%83%d8%b1%d8%a7%d8%b3%d9%8a-%d9%88-%d9%85%d9%82%d8%a7%d8%b9%d8%af-%d8%a7%d9%84%d8%b3%d9%8a%d9%86%d9%85%d8%a7\/"},"modified":"2023-10-24T04:57:45","modified_gmt":"2023-10-24T04:57:45","slug":"%d9%83%d8%b1%d8%a7%d8%b3%d9%8a-%d9%88-%d9%85%d9%82%d8%a7%d8%b9%d8%af-%d8%a7%d9%84%d8%b3%d9%8a%d9%86%d9%85%d8%a7","status":"publish","type":"page","link":"https:\/\/skskoltuk.com\/ar\/%d9%83%d8%b1%d8%a7%d8%b3%d9%8a-%d9%88-%d9%85%d9%82%d8%a7%d8%b9%d8%af-%d8%a7%d9%84%d8%b3%d9%8a%d9%86%d9%85%d8%a7\/","title":{"rendered":"\u0643\u0631\u0627\u0633\u064a \u0648 \u0645\u0642\u0627\u0639\u062f \u0627\u0644\u0633\u064a\u0646\u0645\u0627"},"content":{"rendered":"\t\t<div data-elementor-type=\"wp-page\" data-elementor-id=\"5044\" class=\"elementor elementor-5044 elementor-429\" data-elementor-post-type=\"page\">\n\t\t\t\t\t\t<section class=\"elementor-section elementor-top-section elementor-element elementor-element-9d5ee27 elementor-section-height-min-height elementor-section-boxed elementor-section-height-default elementor-section-items-middle\" data-id=\"9d5ee27\" data-element_type=\"section\" data-settings=\"{&quot;background_background&quot;:&quot;classic&quot;}\">\n\t\t\t\t\t\t\t<div class=\"elementor-background-overlay\"><\/div>\n\t\t\t\t\t\t\t<div class=\"elementor-container elementor-column-gap-default\">\n\t\t\t\t\t<div class=\"elementor-column elementor-col-100 elementor-top-column elementor-element elementor-element-192a5503\" data-id=\"192a5503\" data-element_type=\"column\">\n\t\t\t<div class=\"elementor-widget-wrap elementor-element-populated\">\n\t\t\t\t\t\t<div class=\"elementor-element elementor-element-1c213b74 de_scroll_animation_no elementor-invisible elementor-widget elementor-widget-heading\" data-id=\"1c213b74\" data-element_type=\"widget\" data-settings=\"{&quot;_animation&quot;:&quot;fadeIn&quot;}\" data-widget_type=\"heading.default\">\n\t\t\t\t<div class=\"elementor-widget-container\">\n\t\t\t\t\t<h2 class=\"elementor-heading-title elementor-size-default\">\u0643\u0631\u0627\u0633\u064a \u0648 \u0645\u0642\u0627\u0639\u062f \u0627\u0644\u0633\u064a\u0646\u0645\u0627<\/h2>\t\t\t\t<\/div>\n\t\t\t\t<\/div>\n\t\t\t\t<div class=\"elementor-element elementor-element-642aefe7 elementor-icon-list--layout-inline elementor-align-center elementor-list-item-link-full_width de_scroll_animation_no elementor-invisible elementor-widget elementor-widget-icon-list\" data-id=\"642aefe7\" data-element_type=\"widget\" data-settings=\"{&quot;_animation&quot;:&quot;fadeIn&quot;,&quot;_animation_delay&quot;:200}\" data-widget_type=\"icon-list.default\">\n\t\t\t\t<div class=\"elementor-widget-container\">\n\t\t\t\t\t\t\t<ul class=\"elementor-icon-list-items elementor-inline-items\">\n\t\t\t\t\t\t\t<li class=\"elementor-icon-list-item elementor-inline-item\">\n\t\t\t\t\t\t\t\t\t\t\t<a href=\"#\">\n\n\t\t\t\t\t\t\t\t\t\t\t<span class=\"elementor-icon-list-text\">\u0627\u0644\u0635\u0641\u062d\u0629 \u0627\u0644\u0631\u0626\u064a\u0633\u064a\u0629<\/span>\n\t\t\t\t\t\t\t\t\t\t\t<\/a>\n\t\t\t\t\t\t\t\t\t<\/li>\n\t\t\t\t\t\t\t\t<li class=\"elementor-icon-list-item elementor-inline-item\">\n\t\t\t\t\t\t\t\t\t\t\t<a href=\"https:\/\/skskoltuk.com\/ar\/%d8%a7%d9%84%d9%85%d9%86%d8%aa%d8%ac%d8%a7%d8%aa\/\">\n\n\t\t\t\t\t\t\t\t\t\t\t\t<span class=\"elementor-icon-list-icon\">\n\t\t\t\t\t\t\t<i aria-hidden=\"true\" class=\"icon icon-right-arrow1\"><\/i>\t\t\t\t\t\t<\/span>\n\t\t\t\t\t\t\t\t\t\t<span class=\"elementor-icon-list-text\">\u0627\u0644\u0645\u0646\u062a\u062c\u0627\u062a<\/span>\n\t\t\t\t\t\t\t\t\t\t\t<\/a>\n\t\t\t\t\t\t\t\t\t<\/li>\n\t\t\t\t\t\t\t\t<li class=\"elementor-icon-list-item elementor-inline-item\">\n\t\t\t\t\t\t\t\t\t\t\t<a href=\"https:\/\/skskoltuk.com\/ar\/%d9%83%d8%b1%d8%a7%d8%b3%d9%8a-%d9%88-%d9%85%d9%82%d8%a7%d8%b9%d8%af-%d8%a7%d9%84%d8%b3%d9%8a%d9%86%d9%85%d8%a7\/\">\n\n\t\t\t\t\t\t\t\t\t\t\t\t<span class=\"elementor-icon-list-icon\">\n\t\t\t\t\t\t\t<i aria-hidden=\"true\" class=\"icon icon-right-arrow1\"><\/i>\t\t\t\t\t\t<\/span>\n\t\t\t\t\t\t\t\t\t\t<span class=\"elementor-icon-list-text\">\u0643\u0631\u0627\u0633\u064a \u0648 \u0645\u0642\u0627\u0639\u062f \u0627\u0644\u0633\u064a\u0646\u0645\u0627<\/span>\n\t\t\t\t\t\t\t\t\t\t\t<\/a>\n\t\t\t\t\t\t\t\t\t<\/li>\n\t\t\t\t\t\t<\/ul>\n\t\t\t\t\t\t<\/div>\n\t\t\t\t<\/div>\n\t\t\t\t\t<\/div>\n\t\t<\/div>\n\t\t\t\t\t<\/div>\n\t\t<\/section>\n\t\t\t\t<section class=\"elementor-section elementor-top-section elementor-element elementor-element-ca983d7 elementor-section-boxed elementor-section-height-default elementor-section-height-default\" data-id=\"ca983d7\" data-element_type=\"section\">\n\t\t\t\t\t\t<div class=\"elementor-container elementor-column-gap-default\">\n\t\t\t\t\t<div class=\"elementor-column elementor-col-100 elementor-top-column elementor-element elementor-element-e9b7611\" data-id=\"e9b7611\" data-element_type=\"column\">\n\t\t\t<div class=\"elementor-widget-wrap elementor-element-populated\">\n\t\t\t\t\t\t<section class=\"elementor-section elementor-inner-section elementor-element elementor-element-2275720 elementor-section-boxed elementor-section-height-default elementor-section-height-default\" data-id=\"2275720\" data-element_type=\"section\">\n\t\t\t\t\t\t<div class=\"elementor-container elementor-column-gap-default\">\n\t\t\t\t\t<div class=\"elementor-column elementor-col-100 elementor-inner-column elementor-element elementor-element-ec24784 elementor-invisible\" data-id=\"ec24784\" data-element_type=\"column\" data-settings=\"{&quot;animation&quot;:&quot;fadeIn&quot;,&quot;animation_delay&quot;:400}\">\n\t\t\t<div class=\"elementor-widget-wrap elementor-element-populated\">\n\t\t\t\t\t\t<div class=\"elementor-element elementor-element-1aad165 elementor-align-left elementor-align--tabletcenter elementor-widget__width-auto elementor-widget-tablet__width-auto de_scroll_animation_no elementor-widget elementor-widget-elementskit-button\" data-id=\"1aad165\" data-element_type=\"widget\" data-widget_type=\"elementskit-button.default\">\n\t\t\t\t<div class=\"elementor-widget-container\">\n\t\t\t\t\t<div class=\"ekit-wid-con\" >\t\t<div class=\"ekit-btn-wraper\">\n\t\t\t\t\t\t\t<a href=\"#vip\" class=\"elementskit-btn  whitespace--normal\" id=\"\">\n\t\t\t\t\t<i class=\"icon icon-down-arrow1\"><\/i>\u0633\u0644\u0633\u0644\u0629 \u0643\u0631\u0627\u0633\u064a \u0627\u0644\u0633\u064a\u0646\u0645\u0627 vip\t\t\t\t<\/a>\n\t\t\t\t\t<\/div>\n        <\/div>\t\t\t\t<\/div>\n\t\t\t\t<\/div>\n\t\t\t\t<div class=\"elementor-element elementor-element-8475449 elementor-align-left elementor-align--tabletcenter elementor-widget__width-auto elementor-widget-tablet__width-auto de_scroll_animation_no elementor-widget elementor-widget-elementskit-button\" data-id=\"8475449\" data-element_type=\"widget\" data-widget_type=\"elementskit-button.default\">\n\t\t\t\t<div class=\"elementor-widget-container\">\n\t\t\t\t\t<div class=\"ekit-wid-con\" >\t\t<div class=\"ekit-btn-wraper\">\n\t\t\t\t\t\t\t<a href=\"#standart\" class=\"elementskit-btn  whitespace--normal\" id=\"\">\n\t\t\t\t\t<i class=\"icon icon-down-arrow1\"><\/i>\u0643\u0631\u0627\u0633\u064a \u0633\u064a\u0646\u0645\u0627 \u0633\u062a\u0646\u0627\u062f\u0631\u062a\t\t\t\t<\/a>\n\t\t\t\t\t<\/div>\n        <\/div>\t\t\t\t<\/div>\n\t\t\t\t<\/div>\n\t\t\t\t\t<\/div>\n\t\t<\/div>\n\t\t\t\t\t<\/div>\n\t\t<\/section>\n\t\t\t\t\t<\/div>\n\t\t<\/div>\n\t\t\t\t\t<\/div>\n\t\t<\/section>\n\t\t\t\t<section class=\"elementor-section elementor-top-section elementor-element elementor-element-2047517 elementor-section-boxed elementor-section-height-default elementor-section-height-default\" data-id=\"2047517\" data-element_type=\"section\" id=\"vip\">\n\t\t\t\t\t\t<div class=\"elementor-container elementor-column-gap-default\">\n\t\t\t\t\t<div class=\"elementor-column elementor-col-100 elementor-top-column elementor-element elementor-element-724df24\" data-id=\"724df24\" data-element_type=\"column\" data-settings=\"{&quot;background_background&quot;:&quot;classic&quot;}\">\n\t\t\t<div class=\"elementor-widget-wrap elementor-element-populated\">\n\t\t\t\t\t\t<div class=\"elementor-element elementor-element-f1c56d4 de_scroll_animation_no elementor-invisible elementor-widget elementor-widget-heading\" data-id=\"f1c56d4\" data-element_type=\"widget\" data-settings=\"{&quot;_animation&quot;:&quot;fadeIn&quot;,&quot;_animation_delay&quot;:200}\" data-widget_type=\"heading.default\">\n\t\t\t\t<div class=\"elementor-widget-container\">\n\t\t\t\t\t<h2 class=\"elementor-heading-title elementor-size-default\">\u0633\u0644\u0633\u0644\u0629 \u0643\u0631\u0627\u0633\u064a \u0627\u0644\u0633\u064a\u0646\u0645\u0627 vip<\/h2>\t\t\t\t<\/div>\n\t\t\t\t<\/div>\n\t\t\t\t<section class=\"elementor-section elementor-inner-section elementor-element elementor-element-1100e32 elementor-section-boxed elementor-section-height-default elementor-section-height-default\" data-id=\"1100e32\" data-element_type=\"section\">\n\t\t\t\t\t\t<div class=\"elementor-container elementor-column-gap-default\">\n\t\t\t\t\t<div class=\"elementor-column elementor-col-100 elementor-inner-column elementor-element elementor-element-0ea2f9d elementor-invisible\" data-id=\"0ea2f9d\" data-element_type=\"column\" data-settings=\"{&quot;animation&quot;:&quot;fadeIn&quot;,&quot;animation_delay&quot;:400}\">\n\t\t\t<div class=\"elementor-widget-wrap elementor-element-populated\">\n\t\t\t\t\t\t\t<\/div>\n\t\t<\/div>\n\t\t\t\t\t<\/div>\n\t\t<\/section>\n\t\t\t\t\t<\/div>\n\t\t<\/div>\n\t\t\t\t\t<\/div>\n\t\t<\/section>\n\t\t\t\t<section class=\"elementor-section elementor-top-section elementor-element elementor-element-416c862 elementor-section-boxed elementor-section-height-default elementor-section-height-default\" data-id=\"416c862\" data-element_type=\"section\" id=\"standart\">\n\t\t\t\t\t\t<div class=\"elementor-container elementor-column-gap-default\">\n\t\t\t\t\t<div class=\"elementor-column elementor-col-100 elementor-top-column elementor-element elementor-element-352474c\" data-id=\"352474c\" data-element_type=\"column\" data-settings=\"{&quot;background_background&quot;:&quot;classic&quot;}\">\n\t\t\t<div class=\"elementor-widget-wrap elementor-element-populated\">\n\t\t\t\t\t\t<div class=\"elementor-element elementor-element-6f53ba3 de_scroll_animation_no elementor-invisible elementor-widget elementor-widget-heading\" data-id=\"6f53ba3\" data-element_type=\"widget\" data-settings=\"{&quot;_animation&quot;:&quot;fadeIn&quot;,&quot;_animation_delay&quot;:200}\" data-widget_type=\"heading.default\">\n\t\t\t\t<div class=\"elementor-widget-container\">\n\t\t\t\t\t<h2 class=\"elementor-heading-title elementor-size-default\">\u0643\u0631\u0627\u0633\u064a \u0633\u064a\u0646\u0645\u0627 \u0633\u062a\u0646\u0627\u062f\u0631\u062a<\/h2>\t\t\t\t<\/div>\n\t\t\t\t<\/div>\n\t\t\t\t<section class=\"elementor-section elementor-inner-section elementor-element elementor-element-814235b elementor-section-boxed elementor-section-height-default elementor-section-height-default\" data-id=\"814235b\" data-element_type=\"section\">\n\t\t\t\t\t\t<div class=\"elementor-container elementor-column-gap-default\">\n\t\t\t\t\t<div class=\"elementor-column elementor-col-100 elementor-inner-column elementor-element elementor-element-b72cb0b elementor-invisible\" data-id=\"b72cb0b\" data-element_type=\"column\" data-settings=\"{&quot;animation&quot;:&quot;fadeIn&quot;,&quot;animation_delay&quot;:400}\">\n\t\t\t<div class=\"elementor-widget-wrap elementor-element-populated\">\n\t\t\t\t\t\t\t<\/div>\n\t\t<\/div>\n\t\t\t\t\t<\/div>\n\t\t<\/section>\n\t\t\t\t\t<\/div>\n\t\t<\/div>\n\t\t\t\t\t<\/div>\n\t\t<\/section>\n\t\t\t\t<\/div>\n\t\t","protected":false},"excerpt":{"rendered":"<p>\u0643\u0631\u0627\u0633\u064a \u0648 \u0645\u0642\u0627\u0639\u062f \u0627\u0644\u0633\u064a\u0646\u0645\u0627 \u0627\u0644\u0635\u0641\u062d\u0629 \u0627\u0644\u0631\u0626\u064a\u0633\u064a\u0629 \u0627\u0644\u0645\u0646\u062a\u062c\u0627\u062a \u0643\u0631\u0627\u0633\u064a \u0648 \u0645\u0642\u0627\u0639\u062f \u0627\u0644\u0633\u064a\u0646\u0645\u0627 \u0633\u0644\u0633\u0644\u0629 \u0643\u0631\u0627\u0633\u064a \u0627\u0644\u0633\u064a\u0646\u0645\u0627 vip \u0643\u0631\u0627\u0633\u064a \u0633\u064a\u0646\u0645\u0627 \u0633\u062a\u0646\u0627\u062f\u0631\u062a \u0633\u0644\u0633\u0644\u0629 \u0643\u0631\u0627\u0633\u064a \u0627\u0644\u0633\u064a\u0646\u0645\u0627 vip \u0643\u0631\u0627\u0633\u064a \u0633\u064a\u0646\u0645\u0627 \u0633\u062a\u0646\u0627\u062f\u0631\u062a<\/p>\n","protected":false},"author":1,"featured_media":0,"parent":0,"menu_order":0,"comment_status":"closed","ping_status":"closed","template":"elementor_header_footer","meta":{"footnotes":""},"class_list":["post-5044","page","type-page","status-publish","hentry"],"yoast_head":"<!-- This site is optimized with the Yoast SEO Premium plugin v21.7 (Yoast SEO v24.4) - https:\/\/yoast.com\/wordpress\/plugins\/seo\/ -->\n<title>\u0643\u0631\u0627\u0633\u064a \u0648 \u0645\u0642\u0627\u0639\u062f \u0627\u0644\u0633\u064a\u0646\u0645\u0627 - SKS Koltuk Sistemleri<\/title>\n<meta name=\"robots\" content=\"index, follow, max-snippet:-1, max-image-preview:large, max-video-preview:-1\" \/>\n<link rel=\"canonical\" href=\"https:\/\/skskoltuk.com\/ar\/%d9%83%d8%b1%d8%a7%d8%b3%d9%8a-%d9%88-%d9%85%d9%82%d8%a7%d8%b9%d8%af-%d8%a7%d9%84%d8%b3%d9%8a%d9%86%d9%85%d8%a7\/\" \/>\n<meta property=\"og:locale\" content=\"ar_AR\" \/>\n<meta property=\"og:type\" content=\"article\" \/>\n<meta property=\"og:title\" content=\"\u0643\u0631\u0627\u0633\u064a \u0648 \u0645\u0642\u0627\u0639\u062f \u0627\u0644\u0633\u064a\u0646\u0645\u0627\" \/>\n<meta property=\"og:description\" content=\"\u0643\u0631\u0627\u0633\u064a \u0648 \u0645\u0642\u0627\u0639\u062f \u0627\u0644\u0633\u064a\u0646\u0645\u0627 \u0627\u0644\u0635\u0641\u062d\u0629 \u0627\u0644\u0631\u0626\u064a\u0633\u064a\u0629 \u0627\u0644\u0645\u0646\u062a\u062c\u0627\u062a \u0643\u0631\u0627\u0633\u064a \u0648 \u0645\u0642\u0627\u0639\u062f \u0627\u0644\u0633\u064a\u0646\u0645\u0627 \u0633\u0644\u0633\u0644\u0629 \u0643\u0631\u0627\u0633\u064a \u0627\u0644\u0633\u064a\u0646\u0645\u0627 vip \u0643\u0631\u0627\u0633\u064a \u0633\u064a\u0646\u0645\u0627 \u0633\u062a\u0646\u0627\u062f\u0631\u062a \u0633\u0644\u0633\u0644\u0629 \u0643\u0631\u0627\u0633\u064a \u0627\u0644\u0633\u064a\u0646\u0645\u0627 vip \u0643\u0631\u0627\u0633\u064a \u0633\u064a\u0646\u0645\u0627 \u0633\u062a\u0646\u0627\u062f\u0631\u062a\" \/>\n<meta property=\"og:url\" content=\"https:\/\/skskoltuk.com\/ar\/%d9%83%d8%b1%d8%a7%d8%b3%d9%8a-%d9%88-%d9%85%d9%82%d8%a7%d8%b9%d8%af-%d8%a7%d9%84%d8%b3%d9%8a%d9%86%d9%85%d8%a7\/\" \/>\n<meta property=\"og:site_name\" content=\"SKS Koltuk Sistemleri\" \/>\n<meta property=\"article:publisher\" content=\"https:\/\/www.facebook.com\/sksseatingsolutions\" \/>\n<meta property=\"article:modified_time\" content=\"2023-10-24T04:57:45+00:00\" \/>\n<meta name=\"twitter:card\" content=\"summary_large_image\" \/>\n<meta name=\"twitter:label1\" content=\"\u0648\u0642\u062a \u0627\u0644\u0642\u0631\u0627\u0621\u0629 \u0627\u0644\u0645\u064f\u0642\u062f\u0651\u0631\" \/>\n\t<meta name=\"twitter:data1\" content=\"5 \u062f\u0642\u0627\u0626\u0642\" \/>\n<script type=\"application\/ld+json\" class=\"yoast-schema-graph\">{\"@context\":\"https:\/\/schema.org\",\"@graph\":[{\"@type\":\"WebPage\",\"@id\":\"https:\/\/skskoltuk.com\/ar\/%d9%83%d8%b1%d8%a7%d8%b3%d9%8a-%d9%88-%d9%85%d9%82%d8%a7%d8%b9%d8%af-%d8%a7%d9%84%d8%b3%d9%8a%d9%86%d9%85%d8%a7\/\",\"url\":\"https:\/\/skskoltuk.com\/ar\/%d9%83%d8%b1%d8%a7%d8%b3%d9%8a-%d9%88-%d9%85%d9%82%d8%a7%d8%b9%d8%af-%d8%a7%d9%84%d8%b3%d9%8a%d9%86%d9%85%d8%a7\/\",\"name\":\"\u0643\u0631\u0627\u0633\u064a \u0648 \u0645\u0642\u0627\u0639\u062f \u0627\u0644\u0633\u064a\u0646\u0645\u0627 - SKS Koltuk Sistemleri\",\"isPartOf\":{\"@id\":\"https:\/\/skskoltuk.com\/ar\/#website\"},\"datePublished\":\"2023-06-08T09:08:41+00:00\",\"dateModified\":\"2023-10-24T04:57:45+00:00\",\"breadcrumb\":{\"@id\":\"https:\/\/skskoltuk.com\/ar\/%d9%83%d8%b1%d8%a7%d8%b3%d9%8a-%d9%88-%d9%85%d9%82%d8%a7%d8%b9%d8%af-%d8%a7%d9%84%d8%b3%d9%8a%d9%86%d9%85%d8%a7\/#breadcrumb\"},\"inLanguage\":\"ar\",\"potentialAction\":[{\"@type\":\"ReadAction\",\"target\":[\"https:\/\/skskoltuk.com\/ar\/%d9%83%d8%b1%d8%a7%d8%b3%d9%8a-%d9%88-%d9%85%d9%82%d8%a7%d8%b9%d8%af-%d8%a7%d9%84%d8%b3%d9%8a%d9%86%d9%85%d8%a7\/\"]}]},{\"@type\":\"BreadcrumbList\",\"@id\":\"https:\/\/skskoltuk.com\/ar\/%d9%83%d8%b1%d8%a7%d8%b3%d9%8a-%d9%88-%d9%85%d9%82%d8%a7%d8%b9%d8%af-%d8%a7%d9%84%d8%b3%d9%8a%d9%86%d9%85%d8%a7\/#breadcrumb\",\"itemListElement\":[{\"@type\":\"ListItem\",\"position\":1,\"name\":\"Anasayfa\",\"item\":\"https:\/\/skskoltuk.com\/ar\/\"},{\"@type\":\"ListItem\",\"position\":2,\"name\":\"\u0643\u0631\u0627\u0633\u064a \u0648 \u0645\u0642\u0627\u0639\u062f \u0627\u0644\u0633\u064a\u0646\u0645\u0627\"}]},{\"@type\":\"WebSite\",\"@id\":\"https:\/\/skskoltuk.com\/ar\/#website\",\"url\":\"https:\/\/skskoltuk.com\/ar\/\",\"name\":\"SKS KOLTUK S\u0130STEMLER\u0130\",\"description\":\"Konferans ve Sinema Salonu Koltuklar\u0131\",\"publisher\":{\"@id\":\"https:\/\/skskoltuk.com\/ar\/#organization\"},\"potentialAction\":[{\"@type\":\"SearchAction\",\"target\":{\"@type\":\"EntryPoint\",\"urlTemplate\":\"https:\/\/skskoltuk.com\/ar\/?s={search_term_string}\"},\"query-input\":{\"@type\":\"PropertyValueSpecification\",\"valueRequired\":true,\"valueName\":\"search_term_string\"}}],\"inLanguage\":\"ar\"},{\"@type\":\"Organization\",\"@id\":\"https:\/\/skskoltuk.com\/ar\/#organization\",\"name\":\"SKS SEATS SYSTEMS\",\"url\":\"https:\/\/skskoltuk.com\/ar\/\",\"logo\":{\"@type\":\"ImageObject\",\"inLanguage\":\"ar\",\"@id\":\"https:\/\/skskoltuk.com\/ar\/#\/schema\/logo\/image\/\",\"url\":\"https:\/\/skskoltuk.com\/wp-content\/uploads\/2023\/06\/sks-logo-kucuk-1.png\",\"contentUrl\":\"https:\/\/skskoltuk.com\/wp-content\/uploads\/2023\/06\/sks-logo-kucuk-1.png\",\"width\":150,\"height\":78,\"caption\":\"SKS SEATS SYSTEMS\"},\"image\":{\"@id\":\"https:\/\/skskoltuk.com\/ar\/#\/schema\/logo\/image\/\"},\"sameAs\":[\"https:\/\/www.facebook.com\/sksseatingsolutions\",\"https:\/\/www.instagram.com\/sksseatingsolutions\/\"]}]}<\/script>\n<!-- \/ Yoast SEO Premium plugin. -->","yoast_head_json":{"title":"\u0643\u0631\u0627\u0633\u064a \u0648 \u0645\u0642\u0627\u0639\u062f \u0627\u0644\u0633\u064a\u0646\u0645\u0627 - SKS Koltuk Sistemleri","robots":{"index":"index","follow":"follow","max-snippet":"max-snippet:-1","max-image-preview":"max-image-preview:large","max-video-preview":"max-video-preview:-1"},"canonical":"https:\/\/skskoltuk.com\/ar\/%d9%83%d8%b1%d8%a7%d8%b3%d9%8a-%d9%88-%d9%85%d9%82%d8%a7%d8%b9%d8%af-%d8%a7%d9%84%d8%b3%d9%8a%d9%86%d9%85%d8%a7\/","og_locale":"ar_AR","og_type":"article","og_title":"\u0643\u0631\u0627\u0633\u064a \u0648 \u0645\u0642\u0627\u0639\u062f \u0627\u0644\u0633\u064a\u0646\u0645\u0627","og_description":"\u0643\u0631\u0627\u0633\u064a \u0648 \u0645\u0642\u0627\u0639\u062f \u0627\u0644\u0633\u064a\u0646\u0645\u0627 \u0627\u0644\u0635\u0641\u062d\u0629 \u0627\u0644\u0631\u0626\u064a\u0633\u064a\u0629 \u0627\u0644\u0645\u0646\u062a\u062c\u0627\u062a \u0643\u0631\u0627\u0633\u064a \u0648 \u0645\u0642\u0627\u0639\u062f \u0627\u0644\u0633\u064a\u0646\u0645\u0627 \u0633\u0644\u0633\u0644\u0629 \u0643\u0631\u0627\u0633\u064a \u0627\u0644\u0633\u064a\u0646\u0645\u0627 vip \u0643\u0631\u0627\u0633\u064a \u0633\u064a\u0646\u0645\u0627 \u0633\u062a\u0646\u0627\u062f\u0631\u062a \u0633\u0644\u0633\u0644\u0629 \u0643\u0631\u0627\u0633\u064a \u0627\u0644\u0633\u064a\u0646\u0645\u0627 vip \u0643\u0631\u0627\u0633\u064a \u0633\u064a\u0646\u0645\u0627 \u0633\u062a\u0646\u0627\u062f\u0631\u062a","og_url":"https:\/\/skskoltuk.com\/ar\/%d9%83%d8%b1%d8%a7%d8%b3%d9%8a-%d9%88-%d9%85%d9%82%d8%a7%d8%b9%d8%af-%d8%a7%d9%84%d8%b3%d9%8a%d9%86%d9%85%d8%a7\/","og_site_name":"SKS Koltuk Sistemleri","article_publisher":"https:\/\/www.facebook.com\/sksseatingsolutions","article_modified_time":"2023-10-24T04:57:45+00:00","twitter_card":"summary_large_image","twitter_misc":{"\u0648\u0642\u062a \u0627\u0644\u0642\u0631\u0627\u0621\u0629 \u0627\u0644\u0645\u064f\u0642\u062f\u0651\u0631":"5 \u062f\u0642\u0627\u0626\u0642"},"schema":{"@context":"https:\/\/schema.org","@graph":[{"@type":"WebPage","@id":"https:\/\/skskoltuk.com\/ar\/%d9%83%d8%b1%d8%a7%d8%b3%d9%8a-%d9%88-%d9%85%d9%82%d8%a7%d8%b9%d8%af-%d8%a7%d9%84%d8%b3%d9%8a%d9%86%d9%85%d8%a7\/","url":"https:\/\/skskoltuk.com\/ar\/%d9%83%d8%b1%d8%a7%d8%b3%d9%8a-%d9%88-%d9%85%d9%82%d8%a7%d8%b9%d8%af-%d8%a7%d9%84%d8%b3%d9%8a%d9%86%d9%85%d8%a7\/","name":"\u0643\u0631\u0627\u0633\u064a \u0648 \u0645\u0642\u0627\u0639\u062f \u0627\u0644\u0633\u064a\u0646\u0645\u0627 - SKS Koltuk Sistemleri","isPartOf":{"@id":"https:\/\/skskoltuk.com\/ar\/#website"},"datePublished":"2023-06-08T09:08:41+00:00","dateModified":"2023-10-24T04:57:45+00:00","breadcrumb":{"@id":"https:\/\/skskoltuk.com\/ar\/%d9%83%d8%b1%d8%a7%d8%b3%d9%8a-%d9%88-%d9%85%d9%82%d8%a7%d8%b9%d8%af-%d8%a7%d9%84%d8%b3%d9%8a%d9%86%d9%85%d8%a7\/#breadcrumb"},"inLanguage":"ar","potentialAction":[{"@type":"ReadAction","target":["https:\/\/skskoltuk.com\/ar\/%d9%83%d8%b1%d8%a7%d8%b3%d9%8a-%d9%88-%d9%85%d9%82%d8%a7%d8%b9%d8%af-%d8%a7%d9%84%d8%b3%d9%8a%d9%86%d9%85%d8%a7\/"]}]},{"@type":"BreadcrumbList","@id":"https:\/\/skskoltuk.com\/ar\/%d9%83%d8%b1%d8%a7%d8%b3%d9%8a-%d9%88-%d9%85%d9%82%d8%a7%d8%b9%d8%af-%d8%a7%d9%84%d8%b3%d9%8a%d9%86%d9%85%d8%a7\/#breadcrumb","itemListElement":[{"@type":"ListItem","position":1,"name":"Anasayfa","item":"https:\/\/skskoltuk.com\/ar\/"},{"@type":"ListItem","position":2,"name":"\u0643\u0631\u0627\u0633\u064a \u0648 \u0645\u0642\u0627\u0639\u062f \u0627\u0644\u0633\u064a\u0646\u0645\u0627"}]},{"@type":"WebSite","@id":"https:\/\/skskoltuk.com\/ar\/#website","url":"https:\/\/skskoltuk.com\/ar\/","name":"SKS KOLTUK S\u0130STEMLER\u0130","description":"Konferans ve Sinema Salonu Koltuklar\u0131","publisher":{"@id":"https:\/\/skskoltuk.com\/ar\/#organization"},"potentialAction":[{"@type":"SearchAction","target":{"@type":"EntryPoint","urlTemplate":"https:\/\/skskoltuk.com\/ar\/?s={search_term_string}"},"query-input":{"@type":"PropertyValueSpecification","valueRequired":true,"valueName":"search_term_string"}}],"inLanguage":"ar"},{"@type":"Organization","@id":"https:\/\/skskoltuk.com\/ar\/#organization","name":"SKS SEATS SYSTEMS","url":"https:\/\/skskoltuk.com\/ar\/","logo":{"@type":"ImageObject","inLanguage":"ar","@id":"https:\/\/skskoltuk.com\/ar\/#\/schema\/logo\/image\/","url":"https:\/\/skskoltuk.com\/wp-content\/uploads\/2023\/06\/sks-logo-kucuk-1.png","contentUrl":"https:\/\/skskoltuk.com\/wp-content\/uploads\/2023\/06\/sks-logo-kucuk-1.png","width":150,"height":78,"caption":"SKS SEATS SYSTEMS"},"image":{"@id":"https:\/\/skskoltuk.com\/ar\/#\/schema\/logo\/image\/"},"sameAs":["https:\/\/www.facebook.com\/sksseatingsolutions","https:\/\/www.instagram.com\/sksseatingsolutions\/"]}]}},"_links":{"self":[{"href":"https:\/\/skskoltuk.com\/ar\/wp-json\/wp\/v2\/pages\/5044","targetHints":{"allow":["GET"]}}],"collection":[{"href":"https:\/\/skskoltuk.com\/ar\/wp-json\/wp\/v2\/pages"}],"about":[{"href":"https:\/\/skskoltuk.com\/ar\/wp-json\/wp\/v2\/types\/page"}],"author":[{"embeddable":true,"href":"https:\/\/skskoltuk.com\/ar\/wp-json\/wp\/v2\/users\/1"}],"replies":[{"embeddable":true,"href":"https:\/\/skskoltuk.com\/ar\/wp-json\/wp\/v2\/comments?post=5044"}],"version-history":[{"count":10,"href":"https:\/\/skskoltuk.com\/ar\/wp-json\/wp\/v2\/pages\/5044\/revisions"}],"predecessor-version":[{"id":5863,"href":"https:\/\/skskoltuk.com\/ar\/wp-json\/wp\/v2\/pages\/5044\/revisions\/5863"}],"wp:attachment":[{"href":"https:\/\/skskoltuk.com\/ar\/wp-json\/wp\/v2\/media?parent=5044"}],"curies":[{"name":"wp","href":"https:\/\/api.w.org\/{rel}","templated":true}]}}