{"id":5046,"date":"2023-06-08T09:08:58","date_gmt":"2023-06-08T09:08:58","guid":{"rendered":"https:\/\/skskoltuk.com\/%d9%83%d8%b1%d8%a7%d8%b3%d9%8a-%d9%88%d9%85%d9%82%d8%a7%d8%b9%d8%af-%d8%a7%d9%84%d9%85%d9%84%d8%a7%d8%b9%d8%a8\/"},"modified":"2023-09-27T17:39:46","modified_gmt":"2023-09-27T17:39:46","slug":"%d9%83%d8%b1%d8%a7%d8%b3%d9%8a-%d9%88%d9%85%d9%82%d8%a7%d8%b9%d8%af-%d8%a7%d9%84%d9%85%d9%84%d8%a7%d8%b9%d8%a8","status":"publish","type":"page","link":"https:\/\/skskoltuk.com\/ar\/%d9%83%d8%b1%d8%a7%d8%b3%d9%8a-%d9%88%d9%85%d9%82%d8%a7%d8%b9%d8%af-%d8%a7%d9%84%d9%85%d9%84%d8%a7%d8%b9%d8%a8\/","title":{"rendered":"\u0643\u0631\u0627\u0633\u064a \u0648\u0645\u0642\u0627\u0639\u062f \u0627\u0644\u0645\u0644\u0627\u0639\u0628"},"content":{"rendered":"\t\t<div data-elementor-type=\"wp-page\" data-elementor-id=\"5046\" class=\"elementor elementor-5046 elementor-430\" data-elementor-post-type=\"page\">\n\t\t\t\t\t\t<section class=\"elementor-section elementor-top-section elementor-element elementor-element-adb31c3 elementor-section-height-min-height elementor-section-boxed elementor-section-height-default elementor-section-items-middle\" data-id=\"adb31c3\" data-element_type=\"section\" data-settings=\"{&quot;background_background&quot;:&quot;classic&quot;}\">\n\t\t\t\t\t\t\t<div class=\"elementor-background-overlay\"><\/div>\n\t\t\t\t\t\t\t<div class=\"elementor-container elementor-column-gap-default\">\n\t\t\t\t\t<div class=\"elementor-column elementor-col-100 elementor-top-column elementor-element elementor-element-78dd648\" data-id=\"78dd648\" data-element_type=\"column\">\n\t\t\t<div class=\"elementor-widget-wrap elementor-element-populated\">\n\t\t\t\t\t\t<div class=\"elementor-element elementor-element-32accdc de_scroll_animation_no elementor-invisible elementor-widget elementor-widget-heading\" data-id=\"32accdc\" data-element_type=\"widget\" data-settings=\"{&quot;_animation&quot;:&quot;fadeIn&quot;}\" data-widget_type=\"heading.default\">\n\t\t\t\t<div class=\"elementor-widget-container\">\n\t\t\t\t\t<h2 class=\"elementor-heading-title elementor-size-default\">\u0643\u0631\u0627\u0633\u064a \u0648\u0645\u0642\u0627\u0639\u062f \u0627\u0644\u0645\u0644\u0627\u0639\u0628<\/h2>\t\t\t\t<\/div>\n\t\t\t\t<\/div>\n\t\t\t\t<div class=\"elementor-element elementor-element-4be64c0 elementor-icon-list--layout-inline elementor-align-center elementor-list-item-link-full_width de_scroll_animation_no elementor-invisible elementor-widget elementor-widget-icon-list\" data-id=\"4be64c0\" data-element_type=\"widget\" data-settings=\"{&quot;_animation&quot;:&quot;fadeIn&quot;,&quot;_animation_delay&quot;:200}\" data-widget_type=\"icon-list.default\">\n\t\t\t\t<div class=\"elementor-widget-container\">\n\t\t\t\t\t\t\t<ul class=\"elementor-icon-list-items elementor-inline-items\">\n\t\t\t\t\t\t\t<li class=\"elementor-icon-list-item elementor-inline-item\">\n\t\t\t\t\t\t\t\t\t\t\t<a href=\"#\">\n\n\t\t\t\t\t\t\t\t\t\t\t<span class=\"elementor-icon-list-text\">\u0627\u0644\u0635\u0641\u062d\u0629 \u0627\u0644\u0631\u0626\u064a\u0633\u064a\u0629<\/span>\n\t\t\t\t\t\t\t\t\t\t\t<\/a>\n\t\t\t\t\t\t\t\t\t<\/li>\n\t\t\t\t\t\t\t\t<li class=\"elementor-icon-list-item elementor-inline-item\">\n\t\t\t\t\t\t\t\t\t\t\t<a href=\"https:\/\/skskoltuk.com\/urunler\/\">\n\n\t\t\t\t\t\t\t\t\t\t\t\t<span class=\"elementor-icon-list-icon\">\n\t\t\t\t\t\t\t<i aria-hidden=\"true\" class=\"icon icon-right-arrow1\"><\/i>\t\t\t\t\t\t<\/span>\n\t\t\t\t\t\t\t\t\t\t<span class=\"elementor-icon-list-text\">\u0627\u0644\u0645\u0646\u062a\u062c\u0627\u062a<\/span>\n\t\t\t\t\t\t\t\t\t\t\t<\/a>\n\t\t\t\t\t\t\t\t\t<\/li>\n\t\t\t\t\t\t\t\t<li class=\"elementor-icon-list-item elementor-inline-item\">\n\t\t\t\t\t\t\t\t\t\t\t<a href=\"https:\/\/skskoltuk.com\/ar\/%d9%83%d8%b1%d8%a7%d8%b3%d9%8a-%d9%88%d9%85%d9%82%d8%a7%d8%b9%d8%af-%d8%a7%d9%84%d9%85%d9%84%d8%a7%d8%b9%d8%a8\/\">\n\n\t\t\t\t\t\t\t\t\t\t\t\t<span class=\"elementor-icon-list-icon\">\n\t\t\t\t\t\t\t<i aria-hidden=\"true\" class=\"icon icon-right-arrow1\"><\/i>\t\t\t\t\t\t<\/span>\n\t\t\t\t\t\t\t\t\t\t<span class=\"elementor-icon-list-text\">\u0643\u0631\u0627\u0633\u064a \u0648\u0645\u0642\u0627\u0639\u062f \u0627\u0644\u0645\u0644\u0627\u0639\u0628<\/span>\n\t\t\t\t\t\t\t\t\t\t\t<\/a>\n\t\t\t\t\t\t\t\t\t<\/li>\n\t\t\t\t\t\t<\/ul>\n\t\t\t\t\t\t<\/div>\n\t\t\t\t<\/div>\n\t\t\t\t\t<\/div>\n\t\t<\/div>\n\t\t\t\t\t<\/div>\n\t\t<\/section>\n\t\t\t\t<section class=\"elementor-section elementor-top-section elementor-element elementor-element-082ad2d elementor-section-boxed elementor-section-height-default elementor-section-height-default\" data-id=\"082ad2d\" data-element_type=\"section\">\n\t\t\t\t\t\t<div class=\"elementor-container elementor-column-gap-default\">\n\t\t\t\t\t<div class=\"elementor-column elementor-col-100 elementor-top-column elementor-element elementor-element-f049d26\" data-id=\"f049d26\" data-element_type=\"column\" data-settings=\"{&quot;background_background&quot;:&quot;classic&quot;}\">\n\t\t\t<div class=\"elementor-widget-wrap elementor-element-populated\">\n\t\t\t\t\t\t<section class=\"elementor-section elementor-inner-section elementor-element elementor-element-03a0dff elementor-section-boxed elementor-section-height-default elementor-section-height-default\" data-id=\"03a0dff\" data-element_type=\"section\">\n\t\t\t\t\t\t<div class=\"elementor-container elementor-column-gap-default\">\n\t\t\t\t\t<div class=\"elementor-column elementor-col-100 elementor-inner-column elementor-element elementor-element-b998b49 elementor-invisible\" data-id=\"b998b49\" data-element_type=\"column\" data-settings=\"{&quot;animation&quot;:&quot;fadeIn&quot;,&quot;animation_delay&quot;:400}\">\n\t\t\t<div class=\"elementor-widget-wrap elementor-element-populated\">\n\t\t\t\t\t\t\t<\/div>\n\t\t<\/div>\n\t\t\t\t\t<\/div>\n\t\t<\/section>\n\t\t\t\t\t<\/div>\n\t\t<\/div>\n\t\t\t\t\t<\/div>\n\t\t<\/section>\n\t\t\t\t<\/div>\n\t\t","protected":false},"excerpt":{"rendered":"<p>\u0643\u0631\u0627\u0633\u064a \u0648\u0645\u0642\u0627\u0639\u062f \u0627\u0644\u0645\u0644\u0627\u0639\u0628 \u0627\u0644\u0635\u0641\u062d\u0629 \u0627\u0644\u0631\u0626\u064a\u0633\u064a\u0629 \u0627\u0644\u0645\u0646\u062a\u062c\u0627\u062a \u0643\u0631\u0627\u0633\u064a \u0648\u0645\u0642\u0627\u0639\u062f \u0627\u0644\u0645\u0644\u0627\u0639\u0628<\/p>\n","protected":false},"author":1,"featured_media":0,"parent":0,"menu_order":0,"comment_status":"closed","ping_status":"closed","template":"elementor_header_footer","meta":{"footnotes":""},"class_list":["post-5046","page","type-page","status-publish","hentry"],"yoast_head":"<!-- This site is optimized with the Yoast SEO Premium plugin v21.7 (Yoast SEO v24.4) - https:\/\/yoast.com\/wordpress\/plugins\/seo\/ -->\n<title>\u0643\u0631\u0627\u0633\u064a \u0648\u0645\u0642\u0627\u0639\u062f \u0627\u0644\u0645\u0644\u0627\u0639\u0628 - SKS Koltuk Sistemleri<\/title>\n<meta name=\"robots\" content=\"index, follow, max-snippet:-1, max-image-preview:large, max-video-preview:-1\" \/>\n<link rel=\"canonical\" href=\"https:\/\/skskoltuk.com\/ar\/%d9%83%d8%b1%d8%a7%d8%b3%d9%8a-%d9%88%d9%85%d9%82%d8%a7%d8%b9%d8%af-%d8%a7%d9%84%d9%85%d9%84%d8%a7%d8%b9%d8%a8\/\" \/>\n<meta property=\"og:locale\" content=\"ar_AR\" \/>\n<meta property=\"og:type\" content=\"article\" \/>\n<meta property=\"og:title\" content=\"\u0643\u0631\u0627\u0633\u064a \u0648\u0645\u0642\u0627\u0639\u062f \u0627\u0644\u0645\u0644\u0627\u0639\u0628\" \/>\n<meta property=\"og:description\" content=\"\u0643\u0631\u0627\u0633\u064a \u0648\u0645\u0642\u0627\u0639\u062f \u0627\u0644\u0645\u0644\u0627\u0639\u0628 \u0627\u0644\u0635\u0641\u062d\u0629 \u0627\u0644\u0631\u0626\u064a\u0633\u064a\u0629 \u0627\u0644\u0645\u0646\u062a\u062c\u0627\u062a \u0643\u0631\u0627\u0633\u064a \u0648\u0645\u0642\u0627\u0639\u062f \u0627\u0644\u0645\u0644\u0627\u0639\u0628\" \/>\n<meta property=\"og:url\" content=\"https:\/\/skskoltuk.com\/ar\/%d9%83%d8%b1%d8%a7%d8%b3%d9%8a-%d9%88%d9%85%d9%82%d8%a7%d8%b9%d8%af-%d8%a7%d9%84%d9%85%d9%84%d8%a7%d8%b9%d8%a8\/\" \/>\n<meta property=\"og:site_name\" content=\"SKS Koltuk Sistemleri\" \/>\n<meta property=\"article:publisher\" content=\"https:\/\/www.facebook.com\/sksseatingsolutions\" \/>\n<meta property=\"article:modified_time\" content=\"2023-09-27T17:39:46+00:00\" \/>\n<meta name=\"twitter:card\" content=\"summary_large_image\" \/>\n<script type=\"application\/ld+json\" class=\"yoast-schema-graph\">{\"@context\":\"https:\/\/schema.org\",\"@graph\":[{\"@type\":\"WebPage\",\"@id\":\"https:\/\/skskoltuk.com\/ar\/%d9%83%d8%b1%d8%a7%d8%b3%d9%8a-%d9%88%d9%85%d9%82%d8%a7%d8%b9%d8%af-%d8%a7%d9%84%d9%85%d9%84%d8%a7%d8%b9%d8%a8\/\",\"url\":\"https:\/\/skskoltuk.com\/ar\/%d9%83%d8%b1%d8%a7%d8%b3%d9%8a-%d9%88%d9%85%d9%82%d8%a7%d8%b9%d8%af-%d8%a7%d9%84%d9%85%d9%84%d8%a7%d8%b9%d8%a8\/\",\"name\":\"\u0643\u0631\u0627\u0633\u064a \u0648\u0645\u0642\u0627\u0639\u062f \u0627\u0644\u0645\u0644\u0627\u0639\u0628 - SKS Koltuk Sistemleri\",\"isPartOf\":{\"@id\":\"https:\/\/skskoltuk.com\/ar\/#website\"},\"datePublished\":\"2023-06-08T09:08:58+00:00\",\"dateModified\":\"2023-09-27T17:39:46+00:00\",\"breadcrumb\":{\"@id\":\"https:\/\/skskoltuk.com\/ar\/%d9%83%d8%b1%d8%a7%d8%b3%d9%8a-%d9%88%d9%85%d9%82%d8%a7%d8%b9%d8%af-%d8%a7%d9%84%d9%85%d9%84%d8%a7%d8%b9%d8%a8\/#breadcrumb\"},\"inLanguage\":\"ar\",\"potentialAction\":[{\"@type\":\"ReadAction\",\"target\":[\"https:\/\/skskoltuk.com\/ar\/%d9%83%d8%b1%d8%a7%d8%b3%d9%8a-%d9%88%d9%85%d9%82%d8%a7%d8%b9%d8%af-%d8%a7%d9%84%d9%85%d9%84%d8%a7%d8%b9%d8%a8\/\"]}]},{\"@type\":\"BreadcrumbList\",\"@id\":\"https:\/\/skskoltuk.com\/ar\/%d9%83%d8%b1%d8%a7%d8%b3%d9%8a-%d9%88%d9%85%d9%82%d8%a7%d8%b9%d8%af-%d8%a7%d9%84%d9%85%d9%84%d8%a7%d8%b9%d8%a8\/#breadcrumb\",\"itemListElement\":[{\"@type\":\"ListItem\",\"position\":1,\"name\":\"Anasayfa\",\"item\":\"https:\/\/skskoltuk.com\/ar\/\"},{\"@type\":\"ListItem\",\"position\":2,\"name\":\"\u0643\u0631\u0627\u0633\u064a \u0648\u0645\u0642\u0627\u0639\u062f \u0627\u0644\u0645\u0644\u0627\u0639\u0628\"}]},{\"@type\":\"WebSite\",\"@id\":\"https:\/\/skskoltuk.com\/ar\/#website\",\"url\":\"https:\/\/skskoltuk.com\/ar\/\",\"name\":\"SKS KOLTUK S\u0130STEMLER\u0130\",\"description\":\"Konferans ve Sinema Salonu Koltuklar\u0131\",\"publisher\":{\"@id\":\"https:\/\/skskoltuk.com\/ar\/#organization\"},\"potentialAction\":[{\"@type\":\"SearchAction\",\"target\":{\"@type\":\"EntryPoint\",\"urlTemplate\":\"https:\/\/skskoltuk.com\/ar\/?s={search_term_string}\"},\"query-input\":{\"@type\":\"PropertyValueSpecification\",\"valueRequired\":true,\"valueName\":\"search_term_string\"}}],\"inLanguage\":\"ar\"},{\"@type\":\"Organization\",\"@id\":\"https:\/\/skskoltuk.com\/ar\/#organization\",\"name\":\"SKS SEATS SYSTEMS\",\"url\":\"https:\/\/skskoltuk.com\/ar\/\",\"logo\":{\"@type\":\"ImageObject\",\"inLanguage\":\"ar\",\"@id\":\"https:\/\/skskoltuk.com\/ar\/#\/schema\/logo\/image\/\",\"url\":\"https:\/\/skskoltuk.com\/wp-content\/uploads\/2023\/06\/sks-logo-kucuk-1.png\",\"contentUrl\":\"https:\/\/skskoltuk.com\/wp-content\/uploads\/2023\/06\/sks-logo-kucuk-1.png\",\"width\":150,\"height\":78,\"caption\":\"SKS SEATS SYSTEMS\"},\"image\":{\"@id\":\"https:\/\/skskoltuk.com\/ar\/#\/schema\/logo\/image\/\"},\"sameAs\":[\"https:\/\/www.facebook.com\/sksseatingsolutions\",\"https:\/\/www.instagram.com\/sksseatingsolutions\/\"]}]}<\/script>\n<!-- \/ Yoast SEO Premium plugin. -->","yoast_head_json":{"title":"\u0643\u0631\u0627\u0633\u064a \u0648\u0645\u0642\u0627\u0639\u062f \u0627\u0644\u0645\u0644\u0627\u0639\u0628 - SKS Koltuk Sistemleri","robots":{"index":"index","follow":"follow","max-snippet":"max-snippet:-1","max-image-preview":"max-image-preview:large","max-video-preview":"max-video-preview:-1"},"canonical":"https:\/\/skskoltuk.com\/ar\/%d9%83%d8%b1%d8%a7%d8%b3%d9%8a-%d9%88%d9%85%d9%82%d8%a7%d8%b9%d8%af-%d8%a7%d9%84%d9%85%d9%84%d8%a7%d8%b9%d8%a8\/","og_locale":"ar_AR","og_type":"article","og_title":"\u0643\u0631\u0627\u0633\u064a \u0648\u0645\u0642\u0627\u0639\u062f \u0627\u0644\u0645\u0644\u0627\u0639\u0628","og_description":"\u0643\u0631\u0627\u0633\u064a \u0648\u0645\u0642\u0627\u0639\u062f \u0627\u0644\u0645\u0644\u0627\u0639\u0628 \u0627\u0644\u0635\u0641\u062d\u0629 \u0627\u0644\u0631\u0626\u064a\u0633\u064a\u0629 \u0627\u0644\u0645\u0646\u062a\u062c\u0627\u062a \u0643\u0631\u0627\u0633\u064a \u0648\u0645\u0642\u0627\u0639\u062f \u0627\u0644\u0645\u0644\u0627\u0639\u0628","og_url":"https:\/\/skskoltuk.com\/ar\/%d9%83%d8%b1%d8%a7%d8%b3%d9%8a-%d9%88%d9%85%d9%82%d8%a7%d8%b9%d8%af-%d8%a7%d9%84%d9%85%d9%84%d8%a7%d8%b9%d8%a8\/","og_site_name":"SKS Koltuk Sistemleri","article_publisher":"https:\/\/www.facebook.com\/sksseatingsolutions","article_modified_time":"2023-09-27T17:39:46+00:00","twitter_card":"summary_large_image","schema":{"@context":"https:\/\/schema.org","@graph":[{"@type":"WebPage","@id":"https:\/\/skskoltuk.com\/ar\/%d9%83%d8%b1%d8%a7%d8%b3%d9%8a-%d9%88%d9%85%d9%82%d8%a7%d8%b9%d8%af-%d8%a7%d9%84%d9%85%d9%84%d8%a7%d8%b9%d8%a8\/","url":"https:\/\/skskoltuk.com\/ar\/%d9%83%d8%b1%d8%a7%d8%b3%d9%8a-%d9%88%d9%85%d9%82%d8%a7%d8%b9%d8%af-%d8%a7%d9%84%d9%85%d9%84%d8%a7%d8%b9%d8%a8\/","name":"\u0643\u0631\u0627\u0633\u064a \u0648\u0645\u0642\u0627\u0639\u062f \u0627\u0644\u0645\u0644\u0627\u0639\u0628 - SKS Koltuk Sistemleri","isPartOf":{"@id":"https:\/\/skskoltuk.com\/ar\/#website"},"datePublished":"2023-06-08T09:08:58+00:00","dateModified":"2023-09-27T17:39:46+00:00","breadcrumb":{"@id":"https:\/\/skskoltuk.com\/ar\/%d9%83%d8%b1%d8%a7%d8%b3%d9%8a-%d9%88%d9%85%d9%82%d8%a7%d8%b9%d8%af-%d8%a7%d9%84%d9%85%d9%84%d8%a7%d8%b9%d8%a8\/#breadcrumb"},"inLanguage":"ar","potentialAction":[{"@type":"ReadAction","target":["https:\/\/skskoltuk.com\/ar\/%d9%83%d8%b1%d8%a7%d8%b3%d9%8a-%d9%88%d9%85%d9%82%d8%a7%d8%b9%d8%af-%d8%a7%d9%84%d9%85%d9%84%d8%a7%d8%b9%d8%a8\/"]}]},{"@type":"BreadcrumbList","@id":"https:\/\/skskoltuk.com\/ar\/%d9%83%d8%b1%d8%a7%d8%b3%d9%8a-%d9%88%d9%85%d9%82%d8%a7%d8%b9%d8%af-%d8%a7%d9%84%d9%85%d9%84%d8%a7%d8%b9%d8%a8\/#breadcrumb","itemListElement":[{"@type":"ListItem","position":1,"name":"Anasayfa","item":"https:\/\/skskoltuk.com\/ar\/"},{"@type":"ListItem","position":2,"name":"\u0643\u0631\u0627\u0633\u064a \u0648\u0645\u0642\u0627\u0639\u062f \u0627\u0644\u0645\u0644\u0627\u0639\u0628"}]},{"@type":"WebSite","@id":"https:\/\/skskoltuk.com\/ar\/#website","url":"https:\/\/skskoltuk.com\/ar\/","name":"SKS KOLTUK S\u0130STEMLER\u0130","description":"Konferans ve Sinema Salonu Koltuklar\u0131","publisher":{"@id":"https:\/\/skskoltuk.com\/ar\/#organization"},"potentialAction":[{"@type":"SearchAction","target":{"@type":"EntryPoint","urlTemplate":"https:\/\/skskoltuk.com\/ar\/?s={search_term_string}"},"query-input":{"@type":"PropertyValueSpecification","valueRequired":true,"valueName":"search_term_string"}}],"inLanguage":"ar"},{"@type":"Organization","@id":"https:\/\/skskoltuk.com\/ar\/#organization","name":"SKS SEATS SYSTEMS","url":"https:\/\/skskoltuk.com\/ar\/","logo":{"@type":"ImageObject","inLanguage":"ar","@id":"https:\/\/skskoltuk.com\/ar\/#\/schema\/logo\/image\/","url":"https:\/\/skskoltuk.com\/wp-content\/uploads\/2023\/06\/sks-logo-kucuk-1.png","contentUrl":"https:\/\/skskoltuk.com\/wp-content\/uploads\/2023\/06\/sks-logo-kucuk-1.png","width":150,"height":78,"caption":"SKS SEATS SYSTEMS"},"image":{"@id":"https:\/\/skskoltuk.com\/ar\/#\/schema\/logo\/image\/"},"sameAs":["https:\/\/www.facebook.com\/sksseatingsolutions","https:\/\/www.instagram.com\/sksseatingsolutions\/"]}]}},"_links":{"self":[{"href":"https:\/\/skskoltuk.com\/ar\/wp-json\/wp\/v2\/pages\/5046","targetHints":{"allow":["GET"]}}],"collection":[{"href":"https:\/\/skskoltuk.com\/ar\/wp-json\/wp\/v2\/pages"}],"about":[{"href":"https:\/\/skskoltuk.com\/ar\/wp-json\/wp\/v2\/types\/page"}],"author":[{"embeddable":true,"href":"https:\/\/skskoltuk.com\/ar\/wp-json\/wp\/v2\/users\/1"}],"replies":[{"embeddable":true,"href":"https:\/\/skskoltuk.com\/ar\/wp-json\/wp\/v2\/comments?post=5046"}],"version-history":[{"count":3,"href":"https:\/\/skskoltuk.com\/ar\/wp-json\/wp\/v2\/pages\/5046\/revisions"}],"predecessor-version":[{"id":5049,"href":"https:\/\/skskoltuk.com\/ar\/wp-json\/wp\/v2\/pages\/5046\/revisions\/5049"}],"wp:attachment":[{"href":"https:\/\/skskoltuk.com\/ar\/wp-json\/wp\/v2\/media?parent=5046"}],"curies":[{"name":"wp","href":"https:\/\/api.w.org\/{rel}","templated":true}]}}