{"id":6342,"date":"2024-03-27T11:42:55","date_gmt":"2024-03-27T11:42:55","guid":{"rendered":"https:\/\/skskoltuk.com\/blog\/"},"modified":"2024-05-17T06:40:28","modified_gmt":"2024-05-17T06:40:28","slug":"blog","status":"publish","type":"page","link":"https:\/\/skskoltuk.com\/ar\/blog\/","title":{"rendered":"\u0645\u062f\u0648\u0646\u0629"},"content":{"rendered":"\t\t<div data-elementor-type=\"wp-page\" data-elementor-id=\"6342\" class=\"elementor elementor-6342 elementor-6318\" data-elementor-post-type=\"page\">\n\t\t\t\t\t\t<section class=\"elementor-section elementor-top-section elementor-element elementor-element-4fb2f9f8 elementor-section-height-min-height elementor-section-boxed elementor-section-height-default elementor-section-items-middle\" data-id=\"4fb2f9f8\" data-element_type=\"section\" data-settings=\"{&quot;background_background&quot;:&quot;classic&quot;}\">\n\t\t\t\t\t\t\t<div class=\"elementor-background-overlay\"><\/div>\n\t\t\t\t\t\t\t<div class=\"elementor-container elementor-column-gap-default\">\n\t\t\t\t\t<div class=\"elementor-column elementor-col-100 elementor-top-column elementor-element elementor-element-16060cf\" data-id=\"16060cf\" data-element_type=\"column\">\n\t\t\t<div class=\"elementor-widget-wrap elementor-element-populated\">\n\t\t\t\t\t\t<div class=\"elementor-element elementor-element-794fc348 de_scroll_animation_no elementor-invisible elementor-widget elementor-widget-dt-post-title\" data-id=\"794fc348\" data-element_type=\"widget\" data-settings=\"{&quot;_animation&quot;:&quot;fadeIn&quot;}\" data-widget_type=\"dt-post-title.default\">\n\t\t\t\t<div class=\"elementor-widget-container\">\n\t\t\t\t\t<h3 class=\"dt-post-title \">\u0645\u062f\u0648\u0646\u0629<\/h3>\t\t\t\t<\/div>\n\t\t\t\t<\/div>\n\t\t\t\t<div class=\"elementor-element elementor-element-19da1867 elementor-icon-list--layout-inline elementor-align-center elementor-list-item-link-full_width de_scroll_animation_no elementor-invisible elementor-widget elementor-widget-icon-list\" data-id=\"19da1867\" data-element_type=\"widget\" data-settings=\"{&quot;_animation&quot;:&quot;fadeIn&quot;,&quot;_animation_delay&quot;:200}\" data-widget_type=\"icon-list.default\">\n\t\t\t\t<div class=\"elementor-widget-container\">\n\t\t\t\t\t\t\t<ul class=\"elementor-icon-list-items elementor-inline-items\">\n\t\t\t\t\t\t\t<li class=\"elementor-icon-list-item elementor-inline-item\">\n\t\t\t\t\t\t\t\t\t\t\t<a href=\"\/\">\n\n\t\t\t\t\t\t\t\t\t\t\t<span class=\"elementor-icon-list-text\">\u0627\u0644\u0635\u0641\u062d\u0629 \u0627\u0644\u0631\u0626\u064a\u0633\u064a\u0629<\/span>\n\t\t\t\t\t\t\t\t\t\t\t<\/a>\n\t\t\t\t\t\t\t\t\t<\/li>\n\t\t\t\t\t\t\t\t<li class=\"elementor-icon-list-item elementor-inline-item\">\n\t\t\t\t\t\t\t\t\t\t\t<a href=\"https:\/\/skskoltuk.com\/ar\/%d8%a7%d9%84%d9%85%d9%86%d8%aa%d8%ac%d8%a7%d8%aa\/\">\n\n\t\t\t\t\t\t\t\t\t\t\t\t<span class=\"elementor-icon-list-icon\">\n\t\t\t\t\t\t\t<i aria-hidden=\"true\" class=\"icon icon-right-arrow1\"><\/i>\t\t\t\t\t\t<\/span>\n\t\t\t\t\t\t\t\t\t\t<span class=\"elementor-icon-list-text\">\u0645\u0646\u062a\u062c\u0627\u062a\u0646\u0627<\/span>\n\t\t\t\t\t\t\t\t\t\t\t<\/a>\n\t\t\t\t\t\t\t\t\t<\/li>\n\t\t\t\t\t\t\t\t<li class=\"elementor-icon-list-item elementor-inline-item\">\n\t\t\t\t\t\t\t\t\t\t\t<a href=\"https:\/\/skskoltuk.com\/ar\/%d9%83%d8%b1%d8%a7%d8%b3%d9%8a-%d9%88-%d9%85%d9%82%d8%a7%d8%b9%d8%af-%d8%a7%d9%84%d8%b3%d9%8a%d9%86%d9%85%d8%a7\/\">\n\n\t\t\t\t\t\t\t\t\t\t\t\t<span class=\"elementor-icon-list-icon\">\n\t\t\t\t\t\t\t<i aria-hidden=\"true\" class=\"icon icon-right-arrow1\"><\/i>\t\t\t\t\t\t<\/span>\n\t\t\t\t\t\t\t\t\t\t<span class=\"elementor-icon-list-text\">\u0643\u0631\u0627\u0633\u064a \u0648 \u0645\u0642\u0627\u0639\u062f \u0627\u0644\u0633\u064a\u0646\u0645\u0627<\/span>\n\t\t\t\t\t\t\t\t\t\t\t<\/a>\n\t\t\t\t\t\t\t\t\t<\/li>\n\t\t\t\t\t\t<\/ul>\n\t\t\t\t\t\t<\/div>\n\t\t\t\t<\/div>\n\t\t\t\t\t<\/div>\n\t\t<\/div>\n\t\t\t\t\t<\/div>\n\t\t<\/section>\n\t\t\t\t<section class=\"elementor-section elementor-top-section elementor-element elementor-element-272095bc elementor-section-boxed elementor-section-height-default elementor-section-height-default\" data-id=\"272095bc\" data-element_type=\"section\">\n\t\t\t\t\t\t<div class=\"elementor-container elementor-column-gap-default\">\n\t\t\t\t\t<div class=\"elementor-column elementor-col-100 elementor-top-column elementor-element elementor-element-6d96d494\" data-id=\"6d96d494\" data-element_type=\"column\">\n\t\t\t<div class=\"elementor-widget-wrap elementor-element-populated\">\n\t\t\t\t\t\t<section class=\"elementor-section elementor-inner-section elementor-element elementor-element-2d3132a4 elementor-section-boxed elementor-section-height-default elementor-section-height-default elementor-invisible\" data-id=\"2d3132a4\" data-element_type=\"section\" data-settings=\"{&quot;animation&quot;:&quot;fadeIn&quot;}\">\n\t\t\t\t\t\t<div class=\"elementor-container elementor-column-gap-default\">\n\t\t\t\t\t<div class=\"elementor-column elementor-col-100 elementor-inner-column elementor-element elementor-element-30d3b13a\" data-id=\"30d3b13a\" data-element_type=\"column\" data-settings=\"{&quot;background_background&quot;:&quot;classic&quot;}\">\n\t\t\t<div class=\"elementor-widget-wrap elementor-element-populated\">\n\t\t\t\t\t\t<div class=\"elementor-element elementor-element-d8a9601 de_scroll_animation_no elementor-widget elementor-widget-elementskit-blog-posts\" data-id=\"d8a9601\" data-element_type=\"widget\" data-widget_type=\"elementskit-blog-posts.default\">\n\t\t\t\t<div class=\"elementor-widget-container\">\n\t\t\t\t\t<div class=\"ekit-wid-con\" >        <div id=\"post-items--d8a9601\" class=\"row post-items\">\n                    <div class=\"col-md-12\">\n\n                                    <div class=\"elementskit-blog-block-post\">\n                        <div class=\"row no-gutters\">\n                                                            <div class=\"col-md-6 order-1\">\n                                    <a href=\"https:\/\/skskoltuk.com\/ar\/sinema-koltugunda-kalite-ve-konfor-nasil-saglanir\/\" class=\"elementskit-entry-thumb\">\n                                        <img decoding=\"async\" src=\"https:\/\/skskoltuk.com\/wp-content\/uploads\/2024\/03\/sinema-koltugu.jpg\" alt=\"Sinema Koltu\u011funda kalite ve konfor nas\u0131l sa\u011flan\u0131r?\">\n                                    <\/a><!-- .elementskit-entry-thumb END -->\n                                <\/div>\n                            \n                            <div class=\"col-md-6 order-2\">\n                                <div class=\"elementskit-post-body \">\n                                    <div class=\"elementskit-entry-header\">\n                                        \n                                                                                                                                        \n                                            \n                                                                                            \t\t\t\t<h2 class=\"entry-title\">\n\t\t\t\t\t<a href=\"https:\/\/skskoltuk.com\/ar\/sinema-koltugunda-kalite-ve-konfor-nasil-saglanir\/\">\n\t\t\t\t\t\tSinema Koltu\u011funda kalite ve konfor nas\u0131l sa\u011flan\u0131r?\t\t\t\t\t<\/a>\n\t\t\t\t<\/h2>\n\t\t\t                                                                                <\/div><!-- .elementskit-entry-header END -->\n\n                                                                            <div class=\"elementskit-post-footer\">\n                                                                                            <p>Sinema Koltu\u011funda kalite ve konfor sa\u011flamak i\u00e7in a\u015fa\u011f\u0131daki fakt\u00f6rleri g\u00f6z \u00f6n\u00fcnde bulundurabilirsiniz: .<\/p>\n                                                                                                                                <\/div><!-- .elementskit-post-footer END -->\n                                                                    <\/div><!-- .elementskit-post-body END -->\n                            <\/div>\n                        <\/div>\n                    <\/div><!-- .elementskit-blog-block-post .radius .gradient-bg END -->\n                \n            <\/div>\n                <\/div>\n       <\/div>\t\t\t\t<\/div>\n\t\t\t\t<\/div>\n\t\t\t\t\t<\/div>\n\t\t<\/div>\n\t\t\t\t\t<\/div>\n\t\t<\/section>\n\t\t\t\t\t<\/div>\n\t\t<\/div>\n\t\t\t\t\t<\/div>\n\t\t<\/section>\n\t\t\t\t<\/div>\n\t\t","protected":false},"excerpt":{"rendered":"<p>\u0627\u0644\u0635\u0641\u062d\u0629 \u0627\u0644\u0631\u0626\u064a\u0633\u064a\u0629 \u0645\u0646\u062a\u062c\u0627\u062a\u0646\u0627 \u0643\u0631\u0627\u0633\u064a \u0648 \u0645\u0642\u0627\u0639\u062f \u0627\u0644\u0633\u064a\u0646\u0645\u0627 Sinema Koltu\u011funda kalite ve konfor nas\u0131l sa\u011flan\u0131r? Sinema Koltu\u011funda kalite ve konfor sa\u011flamak i\u00e7in a\u015fa\u011f\u0131daki fakt\u00f6rleri g\u00f6z \u00f6n\u00fcnde bulundurabilirsiniz: .<\/p>\n","protected":false},"author":1,"featured_media":0,"parent":0,"menu_order":0,"comment_status":"closed","ping_status":"closed","template":"elementor_header_footer","meta":{"footnotes":""},"class_list":["post-6342","page","type-page","status-publish","hentry"],"yoast_head":"<!-- This site is optimized with the Yoast SEO Premium plugin v21.7 (Yoast SEO v24.4) - https:\/\/yoast.com\/wordpress\/plugins\/seo\/ -->\n<title>\u0645\u062f\u0648\u0646\u0629 - SKS Koltuk Sistemleri<\/title>\n<meta name=\"robots\" content=\"index, follow, max-snippet:-1, max-image-preview:large, max-video-preview:-1\" \/>\n<link rel=\"canonical\" href=\"https:\/\/skskoltuk.com\/ar\/blog\/\" \/>\n<meta property=\"og:locale\" content=\"ar_AR\" \/>\n<meta property=\"og:type\" content=\"article\" \/>\n<meta property=\"og:title\" content=\"\u0645\u062f\u0648\u0646\u0629\" \/>\n<meta property=\"og:description\" content=\"\u0627\u0644\u0635\u0641\u062d\u0629 \u0627\u0644\u0631\u0626\u064a\u0633\u064a\u0629 \u0645\u0646\u062a\u062c\u0627\u062a\u0646\u0627 \u0643\u0631\u0627\u0633\u064a \u0648 \u0645\u0642\u0627\u0639\u062f \u0627\u0644\u0633\u064a\u0646\u0645\u0627 Sinema Koltu\u011funda kalite ve konfor nas\u0131l sa\u011flan\u0131r? Sinema Koltu\u011funda kalite ve konfor sa\u011flamak i\u00e7in a\u015fa\u011f\u0131daki fakt\u00f6rleri g\u00f6z \u00f6n\u00fcnde bulundurabilirsiniz: .\" \/>\n<meta property=\"og:url\" content=\"https:\/\/skskoltuk.com\/ar\/blog\/\" \/>\n<meta property=\"og:site_name\" content=\"SKS Koltuk Sistemleri\" \/>\n<meta property=\"article:publisher\" content=\"https:\/\/www.facebook.com\/sksseatingsolutions\" \/>\n<meta property=\"article:modified_time\" content=\"2024-05-17T06:40:28+00:00\" \/>\n<meta property=\"og:image\" content=\"https:\/\/skskoltuk.com\/wp-content\/uploads\/2024\/03\/sinema-koltugu.jpg\" \/>\n<meta name=\"twitter:card\" content=\"summary_large_image\" \/>\n<meta name=\"twitter:label1\" content=\"\u0648\u0642\u062a \u0627\u0644\u0642\u0631\u0627\u0621\u0629 \u0627\u0644\u0645\u064f\u0642\u062f\u0651\u0631\" \/>\n\t<meta name=\"twitter:data1\" content=\"1 \u062f\u0642\u064a\u0642\u0629\" \/>\n<script type=\"application\/ld+json\" class=\"yoast-schema-graph\">{\"@context\":\"https:\/\/schema.org\",\"@graph\":[{\"@type\":\"WebPage\",\"@id\":\"https:\/\/skskoltuk.com\/ar\/blog\/\",\"url\":\"https:\/\/skskoltuk.com\/ar\/blog\/\",\"name\":\"\u0645\u062f\u0648\u0646\u0629 - SKS Koltuk Sistemleri\",\"isPartOf\":{\"@id\":\"https:\/\/skskoltuk.com\/ar\/#website\"},\"primaryImageOfPage\":{\"@id\":\"https:\/\/skskoltuk.com\/ar\/blog\/#primaryimage\"},\"image\":{\"@id\":\"https:\/\/skskoltuk.com\/ar\/blog\/#primaryimage\"},\"thumbnailUrl\":\"https:\/\/skskoltuk.com\/wp-content\/uploads\/2024\/03\/sinema-koltugu.jpg\",\"datePublished\":\"2024-03-27T11:42:55+00:00\",\"dateModified\":\"2024-05-17T06:40:28+00:00\",\"breadcrumb\":{\"@id\":\"https:\/\/skskoltuk.com\/ar\/blog\/#breadcrumb\"},\"inLanguage\":\"ar\",\"potentialAction\":[{\"@type\":\"ReadAction\",\"target\":[\"https:\/\/skskoltuk.com\/ar\/blog\/\"]}]},{\"@type\":\"ImageObject\",\"inLanguage\":\"ar\",\"@id\":\"https:\/\/skskoltuk.com\/ar\/blog\/#primaryimage\",\"url\":\"https:\/\/skskoltuk.com\/wp-content\/uploads\/2024\/03\/sinema-koltugu.jpg\",\"contentUrl\":\"https:\/\/skskoltuk.com\/wp-content\/uploads\/2024\/03\/sinema-koltugu.jpg\"},{\"@type\":\"BreadcrumbList\",\"@id\":\"https:\/\/skskoltuk.com\/ar\/blog\/#breadcrumb\",\"itemListElement\":[{\"@type\":\"ListItem\",\"position\":1,\"name\":\"Anasayfa\",\"item\":\"https:\/\/skskoltuk.com\/ar\/\"},{\"@type\":\"ListItem\",\"position\":2,\"name\":\"\u0645\u062f\u0648\u0646\u0629\"}]},{\"@type\":\"WebSite\",\"@id\":\"https:\/\/skskoltuk.com\/ar\/#website\",\"url\":\"https:\/\/skskoltuk.com\/ar\/\",\"name\":\"SKS KOLTUK S\u0130STEMLER\u0130\",\"description\":\"Konferans ve Sinema Salonu Koltuklar\u0131\",\"publisher\":{\"@id\":\"https:\/\/skskoltuk.com\/ar\/#organization\"},\"potentialAction\":[{\"@type\":\"SearchAction\",\"target\":{\"@type\":\"EntryPoint\",\"urlTemplate\":\"https:\/\/skskoltuk.com\/ar\/?s={search_term_string}\"},\"query-input\":{\"@type\":\"PropertyValueSpecification\",\"valueRequired\":true,\"valueName\":\"search_term_string\"}}],\"inLanguage\":\"ar\"},{\"@type\":\"Organization\",\"@id\":\"https:\/\/skskoltuk.com\/ar\/#organization\",\"name\":\"SKS SEATS SYSTEMS\",\"url\":\"https:\/\/skskoltuk.com\/ar\/\",\"logo\":{\"@type\":\"ImageObject\",\"inLanguage\":\"ar\",\"@id\":\"https:\/\/skskoltuk.com\/ar\/#\/schema\/logo\/image\/\",\"url\":\"https:\/\/skskoltuk.com\/wp-content\/uploads\/2023\/06\/sks-logo-kucuk-1.png\",\"contentUrl\":\"https:\/\/skskoltuk.com\/wp-content\/uploads\/2023\/06\/sks-logo-kucuk-1.png\",\"width\":150,\"height\":78,\"caption\":\"SKS SEATS SYSTEMS\"},\"image\":{\"@id\":\"https:\/\/skskoltuk.com\/ar\/#\/schema\/logo\/image\/\"},\"sameAs\":[\"https:\/\/www.facebook.com\/sksseatingsolutions\",\"https:\/\/www.instagram.com\/sksseatingsolutions\/\"]}]}<\/script>\n<!-- \/ Yoast SEO Premium plugin. -->","yoast_head_json":{"title":"\u0645\u062f\u0648\u0646\u0629 - SKS Koltuk Sistemleri","robots":{"index":"index","follow":"follow","max-snippet":"max-snippet:-1","max-image-preview":"max-image-preview:large","max-video-preview":"max-video-preview:-1"},"canonical":"https:\/\/skskoltuk.com\/ar\/blog\/","og_locale":"ar_AR","og_type":"article","og_title":"\u0645\u062f\u0648\u0646\u0629","og_description":"\u0627\u0644\u0635\u0641\u062d\u0629 \u0627\u0644\u0631\u0626\u064a\u0633\u064a\u0629 \u0645\u0646\u062a\u062c\u0627\u062a\u0646\u0627 \u0643\u0631\u0627\u0633\u064a \u0648 \u0645\u0642\u0627\u0639\u062f \u0627\u0644\u0633\u064a\u0646\u0645\u0627 Sinema Koltu\u011funda kalite ve konfor nas\u0131l sa\u011flan\u0131r? Sinema Koltu\u011funda kalite ve konfor sa\u011flamak i\u00e7in a\u015fa\u011f\u0131daki fakt\u00f6rleri g\u00f6z \u00f6n\u00fcnde bulundurabilirsiniz: .","og_url":"https:\/\/skskoltuk.com\/ar\/blog\/","og_site_name":"SKS Koltuk Sistemleri","article_publisher":"https:\/\/www.facebook.com\/sksseatingsolutions","article_modified_time":"2024-05-17T06:40:28+00:00","og_image":[{"url":"https:\/\/skskoltuk.com\/wp-content\/uploads\/2024\/03\/sinema-koltugu.jpg","type":"","width":"","height":""}],"twitter_card":"summary_large_image","twitter_misc":{"\u0648\u0642\u062a \u0627\u0644\u0642\u0631\u0627\u0621\u0629 \u0627\u0644\u0645\u064f\u0642\u062f\u0651\u0631":"1 \u062f\u0642\u064a\u0642\u0629"},"schema":{"@context":"https:\/\/schema.org","@graph":[{"@type":"WebPage","@id":"https:\/\/skskoltuk.com\/ar\/blog\/","url":"https:\/\/skskoltuk.com\/ar\/blog\/","name":"\u0645\u062f\u0648\u0646\u0629 - SKS Koltuk Sistemleri","isPartOf":{"@id":"https:\/\/skskoltuk.com\/ar\/#website"},"primaryImageOfPage":{"@id":"https:\/\/skskoltuk.com\/ar\/blog\/#primaryimage"},"image":{"@id":"https:\/\/skskoltuk.com\/ar\/blog\/#primaryimage"},"thumbnailUrl":"https:\/\/skskoltuk.com\/wp-content\/uploads\/2024\/03\/sinema-koltugu.jpg","datePublished":"2024-03-27T11:42:55+00:00","dateModified":"2024-05-17T06:40:28+00:00","breadcrumb":{"@id":"https:\/\/skskoltuk.com\/ar\/blog\/#breadcrumb"},"inLanguage":"ar","potentialAction":[{"@type":"ReadAction","target":["https:\/\/skskoltuk.com\/ar\/blog\/"]}]},{"@type":"ImageObject","inLanguage":"ar","@id":"https:\/\/skskoltuk.com\/ar\/blog\/#primaryimage","url":"https:\/\/skskoltuk.com\/wp-content\/uploads\/2024\/03\/sinema-koltugu.jpg","contentUrl":"https:\/\/skskoltuk.com\/wp-content\/uploads\/2024\/03\/sinema-koltugu.jpg"},{"@type":"BreadcrumbList","@id":"https:\/\/skskoltuk.com\/ar\/blog\/#breadcrumb","itemListElement":[{"@type":"ListItem","position":1,"name":"Anasayfa","item":"https:\/\/skskoltuk.com\/ar\/"},{"@type":"ListItem","position":2,"name":"\u0645\u062f\u0648\u0646\u0629"}]},{"@type":"WebSite","@id":"https:\/\/skskoltuk.com\/ar\/#website","url":"https:\/\/skskoltuk.com\/ar\/","name":"SKS KOLTUK S\u0130STEMLER\u0130","description":"Konferans ve Sinema Salonu Koltuklar\u0131","publisher":{"@id":"https:\/\/skskoltuk.com\/ar\/#organization"},"potentialAction":[{"@type":"SearchAction","target":{"@type":"EntryPoint","urlTemplate":"https:\/\/skskoltuk.com\/ar\/?s={search_term_string}"},"query-input":{"@type":"PropertyValueSpecification","valueRequired":true,"valueName":"search_term_string"}}],"inLanguage":"ar"},{"@type":"Organization","@id":"https:\/\/skskoltuk.com\/ar\/#organization","name":"SKS SEATS SYSTEMS","url":"https:\/\/skskoltuk.com\/ar\/","logo":{"@type":"ImageObject","inLanguage":"ar","@id":"https:\/\/skskoltuk.com\/ar\/#\/schema\/logo\/image\/","url":"https:\/\/skskoltuk.com\/wp-content\/uploads\/2023\/06\/sks-logo-kucuk-1.png","contentUrl":"https:\/\/skskoltuk.com\/wp-content\/uploads\/2023\/06\/sks-logo-kucuk-1.png","width":150,"height":78,"caption":"SKS SEATS SYSTEMS"},"image":{"@id":"https:\/\/skskoltuk.com\/ar\/#\/schema\/logo\/image\/"},"sameAs":["https:\/\/www.facebook.com\/sksseatingsolutions","https:\/\/www.instagram.com\/sksseatingsolutions\/"]}]}},"_links":{"self":[{"href":"https:\/\/skskoltuk.com\/ar\/wp-json\/wp\/v2\/pages\/6342","targetHints":{"allow":["GET"]}}],"collection":[{"href":"https:\/\/skskoltuk.com\/ar\/wp-json\/wp\/v2\/pages"}],"about":[{"href":"https:\/\/skskoltuk.com\/ar\/wp-json\/wp\/v2\/types\/page"}],"author":[{"embeddable":true,"href":"https:\/\/skskoltuk.com\/ar\/wp-json\/wp\/v2\/users\/1"}],"replies":[{"embeddable":true,"href":"https:\/\/skskoltuk.com\/ar\/wp-json\/wp\/v2\/comments?post=6342"}],"version-history":[{"count":5,"href":"https:\/\/skskoltuk.com\/ar\/wp-json\/wp\/v2\/pages\/6342\/revisions"}],"predecessor-version":[{"id":6361,"href":"https:\/\/skskoltuk.com\/ar\/wp-json\/wp\/v2\/pages\/6342\/revisions\/6361"}],"wp:attachment":[{"href":"https:\/\/skskoltuk.com\/ar\/wp-json\/wp\/v2\/media?parent=6342"}],"curies":[{"name":"wp","href":"https:\/\/api.w.org\/{rel}","templated":true}]}}