{"id":3654,"date":"2023-06-08T09:08:41","date_gmt":"2023-06-08T09:08:41","guid":{"rendered":"https:\/\/skskoltuk.com\/cinema-seats\/"},"modified":"2023-08-19T09:07:59","modified_gmt":"2023-08-19T09:07:59","slug":"cinema-seating","status":"publish","type":"page","link":"https:\/\/skskoltuk.com\/en\/cinema-seating\/","title":{"rendered":"Cinema Seating"},"content":{"rendered":"\t\t<div data-elementor-type=\"wp-page\" data-elementor-id=\"3654\" class=\"elementor elementor-3654 elementor-429\" data-elementor-post-type=\"page\">\n\t\t\t\t\t\t<section class=\"elementor-section elementor-top-section elementor-element elementor-element-9d5ee27 elementor-section-height-min-height elementor-section-boxed elementor-section-height-default elementor-section-items-middle\" data-id=\"9d5ee27\" data-element_type=\"section\" data-settings=\"{&quot;background_background&quot;:&quot;classic&quot;}\">\n\t\t\t\t\t\t\t<div class=\"elementor-background-overlay\"><\/div>\n\t\t\t\t\t\t\t<div class=\"elementor-container elementor-column-gap-default\">\n\t\t\t\t\t<div class=\"elementor-column elementor-col-100 elementor-top-column elementor-element elementor-element-192a5503\" data-id=\"192a5503\" data-element_type=\"column\">\n\t\t\t<div class=\"elementor-widget-wrap elementor-element-populated\">\n\t\t\t\t\t\t<div class=\"elementor-element elementor-element-1c213b74 de_scroll_animation_no elementor-invisible elementor-widget elementor-widget-heading\" data-id=\"1c213b74\" data-element_type=\"widget\" data-settings=\"{&quot;_animation&quot;:&quot;fadeIn&quot;}\" data-widget_type=\"heading.default\">\n\t\t\t\t<div class=\"elementor-widget-container\">\n\t\t\t\t\t<h2 class=\"elementor-heading-title elementor-size-default\">Cinema Seats<\/h2>\t\t\t\t<\/div>\n\t\t\t\t<\/div>\n\t\t\t\t<div class=\"elementor-element elementor-element-642aefe7 elementor-icon-list--layout-inline elementor-align-center elementor-list-item-link-full_width de_scroll_animation_no elementor-invisible elementor-widget elementor-widget-icon-list\" data-id=\"642aefe7\" data-element_type=\"widget\" data-settings=\"{&quot;_animation&quot;:&quot;fadeIn&quot;,&quot;_animation_delay&quot;:200}\" data-widget_type=\"icon-list.default\">\n\t\t\t\t<div class=\"elementor-widget-container\">\n\t\t\t\t\t\t\t<ul class=\"elementor-icon-list-items elementor-inline-items\">\n\t\t\t\t\t\t\t<li class=\"elementor-icon-list-item elementor-inline-item\">\n\t\t\t\t\t\t\t\t\t\t\t<a href=\"#\">\n\n\t\t\t\t\t\t\t\t\t\t\t<span class=\"elementor-icon-list-text\">Home Page<\/span>\n\t\t\t\t\t\t\t\t\t\t\t<\/a>\n\t\t\t\t\t\t\t\t\t<\/li>\n\t\t\t\t\t\t\t\t<li class=\"elementor-icon-list-item elementor-inline-item\">\n\t\t\t\t\t\t\t\t\t\t\t<a href=\"https:\/\/skskoltuk.com\/en\/products\/\">\n\n\t\t\t\t\t\t\t\t\t\t\t\t<span class=\"elementor-icon-list-icon\">\n\t\t\t\t\t\t\t<i aria-hidden=\"true\" class=\"icon icon-right-arrow1\"><\/i>\t\t\t\t\t\t<\/span>\n\t\t\t\t\t\t\t\t\t\t<span class=\"elementor-icon-list-text\">Products<\/span>\n\t\t\t\t\t\t\t\t\t\t\t<\/a>\n\t\t\t\t\t\t\t\t\t<\/li>\n\t\t\t\t\t\t\t\t<li class=\"elementor-icon-list-item elementor-inline-item\">\n\t\t\t\t\t\t\t\t\t\t\t<a href=\"https:\/\/skskoltuk.com\/en\/cinema-seats\/\">\n\n\t\t\t\t\t\t\t\t\t\t\t\t<span class=\"elementor-icon-list-icon\">\n\t\t\t\t\t\t\t<i aria-hidden=\"true\" class=\"icon icon-right-arrow1\"><\/i>\t\t\t\t\t\t<\/span>\n\t\t\t\t\t\t\t\t\t\t<span class=\"elementor-icon-list-text\">Cinema Seats<\/span>\n\t\t\t\t\t\t\t\t\t\t\t<\/a>\n\t\t\t\t\t\t\t\t\t<\/li>\n\t\t\t\t\t\t<\/ul>\n\t\t\t\t\t\t<\/div>\n\t\t\t\t<\/div>\n\t\t\t\t\t<\/div>\n\t\t<\/div>\n\t\t\t\t\t<\/div>\n\t\t<\/section>\n\t\t\t\t<section class=\"elementor-section elementor-top-section elementor-element elementor-element-ca983d7 elementor-section-boxed elementor-section-height-default elementor-section-height-default\" data-id=\"ca983d7\" data-element_type=\"section\">\n\t\t\t\t\t\t<div class=\"elementor-container elementor-column-gap-default\">\n\t\t\t\t\t<div class=\"elementor-column elementor-col-100 elementor-top-column elementor-element elementor-element-e9b7611\" data-id=\"e9b7611\" data-element_type=\"column\">\n\t\t\t<div class=\"elementor-widget-wrap elementor-element-populated\">\n\t\t\t\t\t\t<section class=\"elementor-section elementor-inner-section elementor-element elementor-element-2275720 elementor-section-boxed elementor-section-height-default elementor-section-height-default\" data-id=\"2275720\" data-element_type=\"section\">\n\t\t\t\t\t\t<div class=\"elementor-container elementor-column-gap-default\">\n\t\t\t\t\t<div class=\"elementor-column elementor-col-100 elementor-inner-column elementor-element elementor-element-ec24784 elementor-invisible\" data-id=\"ec24784\" data-element_type=\"column\" data-settings=\"{&quot;animation&quot;:&quot;fadeIn&quot;,&quot;animation_delay&quot;:400}\">\n\t\t\t<div class=\"elementor-widget-wrap elementor-element-populated\">\n\t\t\t\t\t\t<div class=\"elementor-element elementor-element-1aad165 elementor-align-left elementor-align--tabletcenter elementor-widget__width-auto elementor-widget-tablet__width-auto de_scroll_animation_no elementor-widget elementor-widget-elementskit-button\" data-id=\"1aad165\" data-element_type=\"widget\" data-widget_type=\"elementskit-button.default\">\n\t\t\t\t<div class=\"elementor-widget-container\">\n\t\t\t\t\t<div class=\"ekit-wid-con\" >\t\t<div class=\"ekit-btn-wraper\">\n\t\t\t\t\t\t\t<a href=\"#vip\" class=\"elementskit-btn  whitespace--normal\" id=\"\">\n\t\t\t\t\t<i class=\"icon icon-down-arrow1\"><\/i>Vip Series\t\t\t\t<\/a>\n\t\t\t\t\t<\/div>\n        <\/div>\t\t\t\t<\/div>\n\t\t\t\t<\/div>\n\t\t\t\t<div class=\"elementor-element elementor-element-8475449 elementor-align-left elementor-align--tabletcenter elementor-widget__width-auto elementor-widget-tablet__width-auto de_scroll_animation_no elementor-widget elementor-widget-elementskit-button\" data-id=\"8475449\" data-element_type=\"widget\" data-widget_type=\"elementskit-button.default\">\n\t\t\t\t<div class=\"elementor-widget-container\">\n\t\t\t\t\t<div class=\"ekit-wid-con\" >\t\t<div class=\"ekit-btn-wraper\">\n\t\t\t\t\t\t\t<a href=\"#standart\" class=\"elementskit-btn  whitespace--normal\" id=\"\">\n\t\t\t\t\t<i class=\"icon icon-down-arrow1\"><\/i>Standart Series\t\t\t\t<\/a>\n\t\t\t\t\t<\/div>\n        <\/div>\t\t\t\t<\/div>\n\t\t\t\t<\/div>\n\t\t\t\t\t<\/div>\n\t\t<\/div>\n\t\t\t\t\t<\/div>\n\t\t<\/section>\n\t\t\t\t\t<\/div>\n\t\t<\/div>\n\t\t\t\t\t<\/div>\n\t\t<\/section>\n\t\t\t\t<section class=\"elementor-section elementor-top-section elementor-element elementor-element-2047517 elementor-section-boxed elementor-section-height-default elementor-section-height-default\" data-id=\"2047517\" data-element_type=\"section\" id=\"vip\">\n\t\t\t\t\t\t<div class=\"elementor-container elementor-column-gap-default\">\n\t\t\t\t\t<div class=\"elementor-column elementor-col-100 elementor-top-column elementor-element elementor-element-724df24\" data-id=\"724df24\" data-element_type=\"column\" data-settings=\"{&quot;background_background&quot;:&quot;classic&quot;}\">\n\t\t\t<div class=\"elementor-widget-wrap elementor-element-populated\">\n\t\t\t\t\t\t<div class=\"elementor-element elementor-element-f1c56d4 de_scroll_animation_no elementor-invisible elementor-widget elementor-widget-heading\" data-id=\"f1c56d4\" data-element_type=\"widget\" data-settings=\"{&quot;_animation&quot;:&quot;fadeIn&quot;,&quot;_animation_delay&quot;:200}\" data-widget_type=\"heading.default\">\n\t\t\t\t<div class=\"elementor-widget-container\">\n\t\t\t\t\t<h2 class=\"elementor-heading-title elementor-size-default\">Vip Series<\/h2>\t\t\t\t<\/div>\n\t\t\t\t<\/div>\n\t\t\t\t<section class=\"elementor-section elementor-inner-section elementor-element elementor-element-1100e32 elementor-section-boxed elementor-section-height-default elementor-section-height-default\" data-id=\"1100e32\" data-element_type=\"section\">\n\t\t\t\t\t\t<div class=\"elementor-container elementor-column-gap-default\">\n\t\t\t\t\t<div class=\"elementor-column elementor-col-100 elementor-inner-column elementor-element elementor-element-0ea2f9d elementor-invisible\" data-id=\"0ea2f9d\" data-element_type=\"column\" data-settings=\"{&quot;animation&quot;:&quot;fadeIn&quot;,&quot;animation_delay&quot;:400}\">\n\t\t\t<div class=\"elementor-widget-wrap elementor-element-populated\">\n\t\t\t\t\t\t\t<\/div>\n\t\t<\/div>\n\t\t\t\t\t<\/div>\n\t\t<\/section>\n\t\t\t\t\t<\/div>\n\t\t<\/div>\n\t\t\t\t\t<\/div>\n\t\t<\/section>\n\t\t\t\t<section class=\"elementor-section elementor-top-section elementor-element elementor-element-416c862 elementor-section-boxed elementor-section-height-default elementor-section-height-default\" data-id=\"416c862\" data-element_type=\"section\" id=\"standart\">\n\t\t\t\t\t\t<div class=\"elementor-container elementor-column-gap-default\">\n\t\t\t\t\t<div class=\"elementor-column elementor-col-100 elementor-top-column elementor-element elementor-element-352474c\" data-id=\"352474c\" data-element_type=\"column\" data-settings=\"{&quot;background_background&quot;:&quot;classic&quot;}\">\n\t\t\t<div class=\"elementor-widget-wrap elementor-element-populated\">\n\t\t\t\t\t\t<div class=\"elementor-element elementor-element-6f53ba3 de_scroll_animation_no elementor-invisible elementor-widget elementor-widget-heading\" data-id=\"6f53ba3\" data-element_type=\"widget\" data-settings=\"{&quot;_animation&quot;:&quot;fadeIn&quot;,&quot;_animation_delay&quot;:200}\" data-widget_type=\"heading.default\">\n\t\t\t\t<div class=\"elementor-widget-container\">\n\t\t\t\t\t<h2 class=\"elementor-heading-title elementor-size-default\">Standart Series<\/h2>\t\t\t\t<\/div>\n\t\t\t\t<\/div>\n\t\t\t\t<section class=\"elementor-section elementor-inner-section elementor-element elementor-element-814235b elementor-section-boxed elementor-section-height-default elementor-section-height-default\" data-id=\"814235b\" data-element_type=\"section\">\n\t\t\t\t\t\t<div class=\"elementor-container elementor-column-gap-default\">\n\t\t\t\t\t<div class=\"elementor-column elementor-col-100 elementor-inner-column elementor-element elementor-element-b72cb0b elementor-invisible\" data-id=\"b72cb0b\" data-element_type=\"column\" data-settings=\"{&quot;animation&quot;:&quot;fadeIn&quot;,&quot;animation_delay&quot;:400}\">\n\t\t\t<div class=\"elementor-widget-wrap elementor-element-populated\">\n\t\t\t\t\t\t\t<\/div>\n\t\t<\/div>\n\t\t\t\t\t<\/div>\n\t\t<\/section>\n\t\t\t\t\t<\/div>\n\t\t<\/div>\n\t\t\t\t\t<\/div>\n\t\t<\/section>\n\t\t\t\t<\/div>\n\t\t","protected":false},"excerpt":{"rendered":"<p>Cinema Seats Home Page Products Cinema Seats Vip Series Standart Series Vip Series Standart Series<\/p>\n","protected":false},"author":1,"featured_media":0,"parent":0,"menu_order":0,"comment_status":"closed","ping_status":"closed","template":"elementor_header_footer","meta":{"footnotes":""},"class_list":["post-3654","page","type-page","status-publish","hentry"],"yoast_head":"<!-- This site is optimized with the Yoast SEO Premium plugin v21.7 (Yoast SEO v24.4) - https:\/\/yoast.com\/wordpress\/plugins\/seo\/ -->\n<title>Cinema Seating - SKS Koltuk Sistemleri<\/title>\n<meta name=\"robots\" content=\"index, follow, max-snippet:-1, max-image-preview:large, max-video-preview:-1\" \/>\n<link rel=\"canonical\" href=\"https:\/\/skskoltuk.com\/en\/cinema-seating\/\" \/>\n<meta property=\"og:locale\" content=\"en_US\" \/>\n<meta property=\"og:type\" content=\"article\" \/>\n<meta property=\"og:title\" content=\"Cinema Seating\" \/>\n<meta property=\"og:description\" content=\"Cinema Seats Home Page Products Cinema Seats Vip Series Standart Series Vip Series Standart Series\" \/>\n<meta property=\"og:url\" content=\"https:\/\/skskoltuk.com\/en\/cinema-seating\/\" \/>\n<meta property=\"og:site_name\" content=\"SKS Koltuk Sistemleri\" \/>\n<meta property=\"article:publisher\" content=\"https:\/\/www.facebook.com\/sksseatingsolutions\" \/>\n<meta property=\"article:modified_time\" content=\"2023-08-19T09:07:59+00:00\" \/>\n<meta name=\"twitter:card\" content=\"summary_large_image\" \/>\n<meta name=\"twitter:label1\" content=\"Est. reading time\" \/>\n\t<meta name=\"twitter:data1\" content=\"5 minutes\" \/>\n<script type=\"application\/ld+json\" class=\"yoast-schema-graph\">{\"@context\":\"https:\/\/schema.org\",\"@graph\":[{\"@type\":\"WebPage\",\"@id\":\"https:\/\/skskoltuk.com\/en\/cinema-seating\/\",\"url\":\"https:\/\/skskoltuk.com\/en\/cinema-seating\/\",\"name\":\"Cinema Seating - SKS Koltuk Sistemleri\",\"isPartOf\":{\"@id\":\"https:\/\/skskoltuk.com\/en\/#website\"},\"datePublished\":\"2023-06-08T09:08:41+00:00\",\"dateModified\":\"2023-08-19T09:07:59+00:00\",\"breadcrumb\":{\"@id\":\"https:\/\/skskoltuk.com\/en\/cinema-seating\/#breadcrumb\"},\"inLanguage\":\"en-US\",\"potentialAction\":[{\"@type\":\"ReadAction\",\"target\":[\"https:\/\/skskoltuk.com\/en\/cinema-seating\/\"]}]},{\"@type\":\"BreadcrumbList\",\"@id\":\"https:\/\/skskoltuk.com\/en\/cinema-seating\/#breadcrumb\",\"itemListElement\":[{\"@type\":\"ListItem\",\"position\":1,\"name\":\"Anasayfa\",\"item\":\"https:\/\/skskoltuk.com\/en\/\"},{\"@type\":\"ListItem\",\"position\":2,\"name\":\"Cinema Seating\"}]},{\"@type\":\"WebSite\",\"@id\":\"https:\/\/skskoltuk.com\/en\/#website\",\"url\":\"https:\/\/skskoltuk.com\/en\/\",\"name\":\"SKS KOLTUK S\u0130STEMLER\u0130\",\"description\":\"Konferans ve Sinema Koltuklar\u0131\",\"publisher\":{\"@id\":\"https:\/\/skskoltuk.com\/en\/#organization\"},\"potentialAction\":[{\"@type\":\"SearchAction\",\"target\":{\"@type\":\"EntryPoint\",\"urlTemplate\":\"https:\/\/skskoltuk.com\/en\/?s={search_term_string}\"},\"query-input\":{\"@type\":\"PropertyValueSpecification\",\"valueRequired\":true,\"valueName\":\"search_term_string\"}}],\"inLanguage\":\"en-US\"},{\"@type\":\"Organization\",\"@id\":\"https:\/\/skskoltuk.com\/en\/#organization\",\"name\":\"SKS SEATS SYSTEMS\",\"url\":\"https:\/\/skskoltuk.com\/en\/\",\"logo\":{\"@type\":\"ImageObject\",\"inLanguage\":\"en-US\",\"@id\":\"https:\/\/skskoltuk.com\/en\/#\/schema\/logo\/image\/\",\"url\":\"https:\/\/skskoltuk.com\/wp-content\/uploads\/2023\/06\/sks-logo-kucuk-1.png\",\"contentUrl\":\"https:\/\/skskoltuk.com\/wp-content\/uploads\/2023\/06\/sks-logo-kucuk-1.png\",\"width\":150,\"height\":78,\"caption\":\"SKS SEATS SYSTEMS\"},\"image\":{\"@id\":\"https:\/\/skskoltuk.com\/en\/#\/schema\/logo\/image\/\"},\"sameAs\":[\"https:\/\/www.facebook.com\/sksseatingsolutions\",\"https:\/\/www.instagram.com\/sksseatingsolutions\/\"]}]}<\/script>\n<!-- \/ Yoast SEO Premium plugin. -->","yoast_head_json":{"title":"Cinema Seating - SKS Koltuk Sistemleri","robots":{"index":"index","follow":"follow","max-snippet":"max-snippet:-1","max-image-preview":"max-image-preview:large","max-video-preview":"max-video-preview:-1"},"canonical":"https:\/\/skskoltuk.com\/en\/cinema-seating\/","og_locale":"en_US","og_type":"article","og_title":"Cinema Seating","og_description":"Cinema Seats Home Page Products Cinema Seats Vip Series Standart Series Vip Series Standart Series","og_url":"https:\/\/skskoltuk.com\/en\/cinema-seating\/","og_site_name":"SKS Koltuk Sistemleri","article_publisher":"https:\/\/www.facebook.com\/sksseatingsolutions","article_modified_time":"2023-08-19T09:07:59+00:00","twitter_card":"summary_large_image","twitter_misc":{"Est. reading time":"5 minutes"},"schema":{"@context":"https:\/\/schema.org","@graph":[{"@type":"WebPage","@id":"https:\/\/skskoltuk.com\/en\/cinema-seating\/","url":"https:\/\/skskoltuk.com\/en\/cinema-seating\/","name":"Cinema Seating - SKS Koltuk Sistemleri","isPartOf":{"@id":"https:\/\/skskoltuk.com\/en\/#website"},"datePublished":"2023-06-08T09:08:41+00:00","dateModified":"2023-08-19T09:07:59+00:00","breadcrumb":{"@id":"https:\/\/skskoltuk.com\/en\/cinema-seating\/#breadcrumb"},"inLanguage":"en-US","potentialAction":[{"@type":"ReadAction","target":["https:\/\/skskoltuk.com\/en\/cinema-seating\/"]}]},{"@type":"BreadcrumbList","@id":"https:\/\/skskoltuk.com\/en\/cinema-seating\/#breadcrumb","itemListElement":[{"@type":"ListItem","position":1,"name":"Anasayfa","item":"https:\/\/skskoltuk.com\/en\/"},{"@type":"ListItem","position":2,"name":"Cinema Seating"}]},{"@type":"WebSite","@id":"https:\/\/skskoltuk.com\/en\/#website","url":"https:\/\/skskoltuk.com\/en\/","name":"SKS KOLTUK S\u0130STEMLER\u0130","description":"Konferans ve Sinema Koltuklar\u0131","publisher":{"@id":"https:\/\/skskoltuk.com\/en\/#organization"},"potentialAction":[{"@type":"SearchAction","target":{"@type":"EntryPoint","urlTemplate":"https:\/\/skskoltuk.com\/en\/?s={search_term_string}"},"query-input":{"@type":"PropertyValueSpecification","valueRequired":true,"valueName":"search_term_string"}}],"inLanguage":"en-US"},{"@type":"Organization","@id":"https:\/\/skskoltuk.com\/en\/#organization","name":"SKS SEATS SYSTEMS","url":"https:\/\/skskoltuk.com\/en\/","logo":{"@type":"ImageObject","inLanguage":"en-US","@id":"https:\/\/skskoltuk.com\/en\/#\/schema\/logo\/image\/","url":"https:\/\/skskoltuk.com\/wp-content\/uploads\/2023\/06\/sks-logo-kucuk-1.png","contentUrl":"https:\/\/skskoltuk.com\/wp-content\/uploads\/2023\/06\/sks-logo-kucuk-1.png","width":150,"height":78,"caption":"SKS SEATS SYSTEMS"},"image":{"@id":"https:\/\/skskoltuk.com\/en\/#\/schema\/logo\/image\/"},"sameAs":["https:\/\/www.facebook.com\/sksseatingsolutions","https:\/\/www.instagram.com\/sksseatingsolutions\/"]}]}},"_links":{"self":[{"href":"https:\/\/skskoltuk.com\/en\/wp-json\/wp\/v2\/pages\/3654","targetHints":{"allow":["GET"]}}],"collection":[{"href":"https:\/\/skskoltuk.com\/en\/wp-json\/wp\/v2\/pages"}],"about":[{"href":"https:\/\/skskoltuk.com\/en\/wp-json\/wp\/v2\/types\/page"}],"author":[{"embeddable":true,"href":"https:\/\/skskoltuk.com\/en\/wp-json\/wp\/v2\/users\/1"}],"replies":[{"embeddable":true,"href":"https:\/\/skskoltuk.com\/en\/wp-json\/wp\/v2\/comments?post=3654"}],"version-history":[{"count":17,"href":"https:\/\/skskoltuk.com\/en\/wp-json\/wp\/v2\/pages\/3654\/revisions"}],"predecessor-version":[{"id":4533,"href":"https:\/\/skskoltuk.com\/en\/wp-json\/wp\/v2\/pages\/3654\/revisions\/4533"}],"wp:attachment":[{"href":"https:\/\/skskoltuk.com\/en\/wp-json\/wp\/v2\/media?parent=3654"}],"curies":[{"name":"wp","href":"https:\/\/api.w.org\/{rel}","templated":true}]}}