{"id":3656,"date":"2023-06-08T09:08:58","date_gmt":"2023-06-08T09:08:58","guid":{"rendered":"https:\/\/skskoltuk.com\/stadium-seats\/"},"modified":"2023-08-18T03:39:01","modified_gmt":"2023-08-18T03:39:01","slug":"stadium-seating","status":"publish","type":"page","link":"https:\/\/skskoltuk.com\/en\/stadium-seating\/","title":{"rendered":"Stadium Seating"},"content":{"rendered":"\t\t<div data-elementor-type=\"wp-page\" data-elementor-id=\"3656\" class=\"elementor elementor-3656 elementor-430\" data-elementor-post-type=\"page\">\n\t\t\t\t\t\t<section class=\"elementor-section elementor-top-section elementor-element elementor-element-adb31c3 elementor-section-height-min-height elementor-section-boxed elementor-section-height-default elementor-section-items-middle\" data-id=\"adb31c3\" data-element_type=\"section\" data-settings=\"{&quot;background_background&quot;:&quot;classic&quot;}\">\n\t\t\t\t\t\t\t<div class=\"elementor-background-overlay\"><\/div>\n\t\t\t\t\t\t\t<div class=\"elementor-container elementor-column-gap-default\">\n\t\t\t\t\t<div class=\"elementor-column elementor-col-100 elementor-top-column elementor-element elementor-element-78dd648\" data-id=\"78dd648\" data-element_type=\"column\">\n\t\t\t<div class=\"elementor-widget-wrap elementor-element-populated\">\n\t\t\t\t\t\t<div class=\"elementor-element elementor-element-32accdc de_scroll_animation_no elementor-invisible elementor-widget elementor-widget-heading\" data-id=\"32accdc\" data-element_type=\"widget\" data-settings=\"{&quot;_animation&quot;:&quot;fadeIn&quot;}\" data-widget_type=\"heading.default\">\n\t\t\t\t<div class=\"elementor-widget-container\">\n\t\t\t\t\t<h2 class=\"elementor-heading-title elementor-size-default\">Stadium Seats<\/h2>\t\t\t\t<\/div>\n\t\t\t\t<\/div>\n\t\t\t\t<div class=\"elementor-element elementor-element-4be64c0 elementor-icon-list--layout-inline elementor-align-center elementor-list-item-link-full_width de_scroll_animation_no elementor-invisible elementor-widget elementor-widget-icon-list\" data-id=\"4be64c0\" data-element_type=\"widget\" data-settings=\"{&quot;_animation&quot;:&quot;fadeIn&quot;,&quot;_animation_delay&quot;:200}\" data-widget_type=\"icon-list.default\">\n\t\t\t\t<div class=\"elementor-widget-container\">\n\t\t\t\t\t\t\t<ul class=\"elementor-icon-list-items elementor-inline-items\">\n\t\t\t\t\t\t\t<li class=\"elementor-icon-list-item elementor-inline-item\">\n\t\t\t\t\t\t\t\t\t\t\t<a href=\"#\">\n\n\t\t\t\t\t\t\t\t\t\t\t<span class=\"elementor-icon-list-text\">Home Page<\/span>\n\t\t\t\t\t\t\t\t\t\t\t<\/a>\n\t\t\t\t\t\t\t\t\t<\/li>\n\t\t\t\t\t\t\t\t<li class=\"elementor-icon-list-item elementor-inline-item\">\n\t\t\t\t\t\t\t\t\t\t\t<a href=\"https:\/\/skskoltuk.com\/en\/products\/\">\n\n\t\t\t\t\t\t\t\t\t\t\t\t<span class=\"elementor-icon-list-icon\">\n\t\t\t\t\t\t\t<i aria-hidden=\"true\" class=\"icon icon-right-arrow1\"><\/i>\t\t\t\t\t\t<\/span>\n\t\t\t\t\t\t\t\t\t\t<span class=\"elementor-icon-list-text\">Products<\/span>\n\t\t\t\t\t\t\t\t\t\t\t<\/a>\n\t\t\t\t\t\t\t\t\t<\/li>\n\t\t\t\t\t\t\t\t<li class=\"elementor-icon-list-item elementor-inline-item\">\n\t\t\t\t\t\t\t\t\t\t\t<a href=\"https:\/\/skskoltuk.com\/stadyum-koltuklari\/\">\n\n\t\t\t\t\t\t\t\t\t\t\t\t<span class=\"elementor-icon-list-icon\">\n\t\t\t\t\t\t\t<i aria-hidden=\"true\" class=\"icon icon-right-arrow1\"><\/i>\t\t\t\t\t\t<\/span>\n\t\t\t\t\t\t\t\t\t\t<span class=\"elementor-icon-list-text\">Stadium Seats<\/span>\n\t\t\t\t\t\t\t\t\t\t\t<\/a>\n\t\t\t\t\t\t\t\t\t<\/li>\n\t\t\t\t\t\t<\/ul>\n\t\t\t\t\t\t<\/div>\n\t\t\t\t<\/div>\n\t\t\t\t\t<\/div>\n\t\t<\/div>\n\t\t\t\t\t<\/div>\n\t\t<\/section>\n\t\t\t\t<section class=\"elementor-section elementor-top-section elementor-element elementor-element-082ad2d elementor-section-boxed elementor-section-height-default elementor-section-height-default\" data-id=\"082ad2d\" data-element_type=\"section\">\n\t\t\t\t\t\t<div class=\"elementor-container elementor-column-gap-default\">\n\t\t\t\t\t<div class=\"elementor-column elementor-col-100 elementor-top-column elementor-element elementor-element-f049d26\" data-id=\"f049d26\" data-element_type=\"column\" data-settings=\"{&quot;background_background&quot;:&quot;classic&quot;}\">\n\t\t\t<div class=\"elementor-widget-wrap elementor-element-populated\">\n\t\t\t\t\t\t<section class=\"elementor-section elementor-inner-section elementor-element elementor-element-03a0dff elementor-section-boxed elementor-section-height-default elementor-section-height-default\" data-id=\"03a0dff\" data-element_type=\"section\">\n\t\t\t\t\t\t<div class=\"elementor-container elementor-column-gap-default\">\n\t\t\t\t\t<div class=\"elementor-column elementor-col-100 elementor-inner-column elementor-element elementor-element-b998b49 elementor-invisible\" data-id=\"b998b49\" data-element_type=\"column\" data-settings=\"{&quot;animation&quot;:&quot;fadeIn&quot;,&quot;animation_delay&quot;:400}\">\n\t\t\t<div class=\"elementor-widget-wrap elementor-element-populated\">\n\t\t\t\t\t\t<div class=\"elementor-element elementor-element-f55f3a7 elementor-grid-4 elementor-posts--align-left elementor-grid-tablet-2 elementor-grid-mobile-1 elementor-posts--thumbnail-top de_scroll_animation_no elementor-widget elementor-widget-posts\" data-id=\"f55f3a7\" data-element_type=\"widget\" data-settings=\"{&quot;classic_columns&quot;:&quot;4&quot;,&quot;classic_row_gap&quot;:{&quot;unit&quot;:&quot;px&quot;,&quot;size&quot;:40,&quot;sizes&quot;:[]},&quot;classic_columns_tablet&quot;:&quot;2&quot;,&quot;classic_columns_mobile&quot;:&quot;1&quot;,&quot;classic_row_gap_tablet&quot;:{&quot;unit&quot;:&quot;px&quot;,&quot;size&quot;:&quot;&quot;,&quot;sizes&quot;:[]},&quot;classic_row_gap_mobile&quot;:{&quot;unit&quot;:&quot;px&quot;,&quot;size&quot;:&quot;&quot;,&quot;sizes&quot;:[]}}\" data-widget_type=\"posts.classic\">\n\t\t\t\t<div class=\"elementor-widget-container\">\n\t\t\t\t\t\t\t<div class=\"elementor-posts-container elementor-posts elementor-posts--skin-classic elementor-grid\">\n\t\t\t\t<article class=\"elementor-post elementor-grid-item post-3662 post type-post status-publish format-standard has-post-thumbnail hentry category-stadium-seats\">\n\t\t\t\t<a class=\"elementor-post__thumbnail__link\" href=\"https:\/\/skskoltuk.com\/en\/flex-s60-vip-stadium-seating\/\" tabindex=\"-1\" >\n\t\t\t<div class=\"elementor-post__thumbnail\"><img fetchpriority=\"high\" decoding=\"async\" width=\"300\" height=\"225\" src=\"https:\/\/skskoltuk.com\/wp-content\/uploads\/2023\/07\/flex-s60-vip-stadyum-koltugu-2-300x225.jpeg\" class=\"attachment-medium size-medium wp-image-3206\" alt=\"\" srcset=\"https:\/\/skskoltuk.com\/wp-content\/uploads\/2023\/07\/flex-s60-vip-stadyum-koltugu-2-300x225.jpeg 300w, https:\/\/skskoltuk.com\/wp-content\/uploads\/2023\/07\/flex-s60-vip-stadyum-koltugu-2-768x576.jpeg 768w, https:\/\/skskoltuk.com\/wp-content\/uploads\/2023\/07\/flex-s60-vip-stadyum-koltugu-2.jpeg 800w\" sizes=\"(max-width: 300px) 100vw, 300px\" \/><\/div>\n\t\t<\/a>\n\t\t\t\t<div class=\"elementor-post__text\">\n\t\t\t\t<h3 class=\"elementor-post__title\">\n\t\t\t<a href=\"https:\/\/skskoltuk.com\/en\/flex-s60-vip-stadium-seating\/\" >\n\t\t\t\tFlex S60 V\u0131p Stadium Seating\t\t\t<\/a>\n\t\t<\/h3>\n\t\t\t\t<\/div>\n\t\t\t\t<\/article>\n\t\t\t\t<article class=\"elementor-post elementor-grid-item post-3664 post type-post status-publish format-standard has-post-thumbnail hentry category-stadium-seats\">\n\t\t\t\t<a class=\"elementor-post__thumbnail__link\" href=\"https:\/\/skskoltuk.com\/en\/pantheon-s50-stadium-seating\/\" tabindex=\"-1\" >\n\t\t\t<div class=\"elementor-post__thumbnail\"><img decoding=\"async\" width=\"300\" height=\"225\" src=\"https:\/\/skskoltuk.com\/wp-content\/uploads\/2023\/07\/Pantheon-s50-stadyum-koltugu-1-300x225.jpg\" class=\"attachment-medium size-medium wp-image-3199\" alt=\"\" srcset=\"https:\/\/skskoltuk.com\/wp-content\/uploads\/2023\/07\/Pantheon-s50-stadyum-koltugu-1-300x225.jpg 300w, https:\/\/skskoltuk.com\/wp-content\/uploads\/2023\/07\/Pantheon-s50-stadyum-koltugu-1-768x576.jpg 768w, https:\/\/skskoltuk.com\/wp-content\/uploads\/2023\/07\/Pantheon-s50-stadyum-koltugu-1.jpg 800w\" sizes=\"(max-width: 300px) 100vw, 300px\" \/><\/div>\n\t\t<\/a>\n\t\t\t\t<div class=\"elementor-post__text\">\n\t\t\t\t<h3 class=\"elementor-post__title\">\n\t\t\t<a href=\"https:\/\/skskoltuk.com\/en\/pantheon-s50-stadium-seating\/\" >\n\t\t\t\tPantheon S50 Stadium Seating\t\t\t<\/a>\n\t\t<\/h3>\n\t\t\t\t<\/div>\n\t\t\t\t<\/article>\n\t\t\t\t<article class=\"elementor-post elementor-grid-item post-3666 post type-post status-publish format-standard has-post-thumbnail hentry category-stadium-seats\">\n\t\t\t\t<a class=\"elementor-post__thumbnail__link\" href=\"https:\/\/skskoltuk.com\/en\/best-s50-vip-stadium-seating\/\" tabindex=\"-1\" >\n\t\t\t<div class=\"elementor-post__thumbnail\"><img decoding=\"async\" width=\"300\" height=\"225\" src=\"https:\/\/skskoltuk.com\/wp-content\/uploads\/2023\/07\/best-s50-vip-stadyum-koltugu-1-300x225.jpg\" class=\"attachment-medium size-medium wp-image-3194\" alt=\"\" srcset=\"https:\/\/skskoltuk.com\/wp-content\/uploads\/2023\/07\/best-s50-vip-stadyum-koltugu-1-300x225.jpg 300w, https:\/\/skskoltuk.com\/wp-content\/uploads\/2023\/07\/best-s50-vip-stadyum-koltugu-1-768x576.jpg 768w, https:\/\/skskoltuk.com\/wp-content\/uploads\/2023\/07\/best-s50-vip-stadyum-koltugu-1.jpg 800w\" sizes=\"(max-width: 300px) 100vw, 300px\" \/><\/div>\n\t\t<\/a>\n\t\t\t\t<div class=\"elementor-post__text\">\n\t\t\t\t<h3 class=\"elementor-post__title\">\n\t\t\t<a href=\"https:\/\/skskoltuk.com\/en\/best-s50-vip-stadium-seating\/\" >\n\t\t\t\tBest S50 V\u0131p Stadium Seating\t\t\t<\/a>\n\t\t<\/h3>\n\t\t\t\t<\/div>\n\t\t\t\t<\/article>\n\t\t\t\t<\/div>\n\t\t\n\t\t\t\t\t\t<\/div>\n\t\t\t\t<\/div>\n\t\t\t\t\t<\/div>\n\t\t<\/div>\n\t\t\t\t\t<\/div>\n\t\t<\/section>\n\t\t\t\t\t<\/div>\n\t\t<\/div>\n\t\t\t\t\t<\/div>\n\t\t<\/section>\n\t\t\t\t<\/div>\n\t\t","protected":false},"excerpt":{"rendered":"<p>Stadium Seats Home Page Products Stadium Seats<\/p>\n","protected":false},"author":1,"featured_media":0,"parent":0,"menu_order":0,"comment_status":"closed","ping_status":"closed","template":"elementor_header_footer","meta":{"footnotes":""},"class_list":["post-3656","page","type-page","status-publish","hentry"],"yoast_head":"<!-- This site is optimized with the Yoast SEO Premium plugin v21.7 (Yoast SEO v24.4) - https:\/\/yoast.com\/wordpress\/plugins\/seo\/ -->\n<title>Stadium Seating - SKS Koltuk Sistemleri<\/title>\n<meta name=\"robots\" content=\"index, follow, max-snippet:-1, max-image-preview:large, max-video-preview:-1\" \/>\n<link rel=\"canonical\" href=\"https:\/\/skskoltuk.com\/en\/stadium-seating\/\" \/>\n<meta property=\"og:locale\" content=\"en_US\" \/>\n<meta property=\"og:type\" content=\"article\" \/>\n<meta property=\"og:title\" content=\"Stadium Seating\" \/>\n<meta property=\"og:description\" content=\"Stadium Seats Home Page Products Stadium Seats\" \/>\n<meta property=\"og:url\" content=\"https:\/\/skskoltuk.com\/en\/stadium-seating\/\" \/>\n<meta property=\"og:site_name\" content=\"SKS Koltuk Sistemleri\" \/>\n<meta property=\"article:publisher\" content=\"https:\/\/www.facebook.com\/sksseatingsolutions\" \/>\n<meta property=\"article:modified_time\" content=\"2023-08-18T03:39:01+00:00\" \/>\n<meta name=\"twitter:card\" content=\"summary_large_image\" \/>\n<script type=\"application\/ld+json\" class=\"yoast-schema-graph\">{\"@context\":\"https:\/\/schema.org\",\"@graph\":[{\"@type\":\"WebPage\",\"@id\":\"https:\/\/skskoltuk.com\/en\/stadium-seating\/\",\"url\":\"https:\/\/skskoltuk.com\/en\/stadium-seating\/\",\"name\":\"Stadium Seating - SKS Koltuk Sistemleri\",\"isPartOf\":{\"@id\":\"https:\/\/skskoltuk.com\/en\/#website\"},\"datePublished\":\"2023-06-08T09:08:58+00:00\",\"dateModified\":\"2023-08-18T03:39:01+00:00\",\"breadcrumb\":{\"@id\":\"https:\/\/skskoltuk.com\/en\/stadium-seating\/#breadcrumb\"},\"inLanguage\":\"en-US\",\"potentialAction\":[{\"@type\":\"ReadAction\",\"target\":[\"https:\/\/skskoltuk.com\/en\/stadium-seating\/\"]}]},{\"@type\":\"BreadcrumbList\",\"@id\":\"https:\/\/skskoltuk.com\/en\/stadium-seating\/#breadcrumb\",\"itemListElement\":[{\"@type\":\"ListItem\",\"position\":1,\"name\":\"Anasayfa\",\"item\":\"https:\/\/skskoltuk.com\/en\/\"},{\"@type\":\"ListItem\",\"position\":2,\"name\":\"Stadium Seating\"}]},{\"@type\":\"WebSite\",\"@id\":\"https:\/\/skskoltuk.com\/en\/#website\",\"url\":\"https:\/\/skskoltuk.com\/en\/\",\"name\":\"SKS KOLTUK S\u0130STEMLER\u0130\",\"description\":\"Konferans ve Sinema Koltuklar\u0131\",\"publisher\":{\"@id\":\"https:\/\/skskoltuk.com\/en\/#organization\"},\"potentialAction\":[{\"@type\":\"SearchAction\",\"target\":{\"@type\":\"EntryPoint\",\"urlTemplate\":\"https:\/\/skskoltuk.com\/en\/?s={search_term_string}\"},\"query-input\":{\"@type\":\"PropertyValueSpecification\",\"valueRequired\":true,\"valueName\":\"search_term_string\"}}],\"inLanguage\":\"en-US\"},{\"@type\":\"Organization\",\"@id\":\"https:\/\/skskoltuk.com\/en\/#organization\",\"name\":\"SKS SEATS SYSTEMS\",\"url\":\"https:\/\/skskoltuk.com\/en\/\",\"logo\":{\"@type\":\"ImageObject\",\"inLanguage\":\"en-US\",\"@id\":\"https:\/\/skskoltuk.com\/en\/#\/schema\/logo\/image\/\",\"url\":\"https:\/\/skskoltuk.com\/wp-content\/uploads\/2023\/06\/sks-logo-kucuk-1.png\",\"contentUrl\":\"https:\/\/skskoltuk.com\/wp-content\/uploads\/2023\/06\/sks-logo-kucuk-1.png\",\"width\":150,\"height\":78,\"caption\":\"SKS SEATS SYSTEMS\"},\"image\":{\"@id\":\"https:\/\/skskoltuk.com\/en\/#\/schema\/logo\/image\/\"},\"sameAs\":[\"https:\/\/www.facebook.com\/sksseatingsolutions\",\"https:\/\/www.instagram.com\/sksseatingsolutions\/\"]}]}<\/script>\n<!-- \/ Yoast SEO Premium plugin. -->","yoast_head_json":{"title":"Stadium Seating - SKS Koltuk Sistemleri","robots":{"index":"index","follow":"follow","max-snippet":"max-snippet:-1","max-image-preview":"max-image-preview:large","max-video-preview":"max-video-preview:-1"},"canonical":"https:\/\/skskoltuk.com\/en\/stadium-seating\/","og_locale":"en_US","og_type":"article","og_title":"Stadium Seating","og_description":"Stadium Seats Home Page Products Stadium Seats","og_url":"https:\/\/skskoltuk.com\/en\/stadium-seating\/","og_site_name":"SKS Koltuk Sistemleri","article_publisher":"https:\/\/www.facebook.com\/sksseatingsolutions","article_modified_time":"2023-08-18T03:39:01+00:00","twitter_card":"summary_large_image","schema":{"@context":"https:\/\/schema.org","@graph":[{"@type":"WebPage","@id":"https:\/\/skskoltuk.com\/en\/stadium-seating\/","url":"https:\/\/skskoltuk.com\/en\/stadium-seating\/","name":"Stadium Seating - SKS Koltuk Sistemleri","isPartOf":{"@id":"https:\/\/skskoltuk.com\/en\/#website"},"datePublished":"2023-06-08T09:08:58+00:00","dateModified":"2023-08-18T03:39:01+00:00","breadcrumb":{"@id":"https:\/\/skskoltuk.com\/en\/stadium-seating\/#breadcrumb"},"inLanguage":"en-US","potentialAction":[{"@type":"ReadAction","target":["https:\/\/skskoltuk.com\/en\/stadium-seating\/"]}]},{"@type":"BreadcrumbList","@id":"https:\/\/skskoltuk.com\/en\/stadium-seating\/#breadcrumb","itemListElement":[{"@type":"ListItem","position":1,"name":"Anasayfa","item":"https:\/\/skskoltuk.com\/en\/"},{"@type":"ListItem","position":2,"name":"Stadium Seating"}]},{"@type":"WebSite","@id":"https:\/\/skskoltuk.com\/en\/#website","url":"https:\/\/skskoltuk.com\/en\/","name":"SKS KOLTUK S\u0130STEMLER\u0130","description":"Konferans ve Sinema Koltuklar\u0131","publisher":{"@id":"https:\/\/skskoltuk.com\/en\/#organization"},"potentialAction":[{"@type":"SearchAction","target":{"@type":"EntryPoint","urlTemplate":"https:\/\/skskoltuk.com\/en\/?s={search_term_string}"},"query-input":{"@type":"PropertyValueSpecification","valueRequired":true,"valueName":"search_term_string"}}],"inLanguage":"en-US"},{"@type":"Organization","@id":"https:\/\/skskoltuk.com\/en\/#organization","name":"SKS SEATS SYSTEMS","url":"https:\/\/skskoltuk.com\/en\/","logo":{"@type":"ImageObject","inLanguage":"en-US","@id":"https:\/\/skskoltuk.com\/en\/#\/schema\/logo\/image\/","url":"https:\/\/skskoltuk.com\/wp-content\/uploads\/2023\/06\/sks-logo-kucuk-1.png","contentUrl":"https:\/\/skskoltuk.com\/wp-content\/uploads\/2023\/06\/sks-logo-kucuk-1.png","width":150,"height":78,"caption":"SKS SEATS SYSTEMS"},"image":{"@id":"https:\/\/skskoltuk.com\/en\/#\/schema\/logo\/image\/"},"sameAs":["https:\/\/www.facebook.com\/sksseatingsolutions","https:\/\/www.instagram.com\/sksseatingsolutions\/"]}]}},"_links":{"self":[{"href":"https:\/\/skskoltuk.com\/en\/wp-json\/wp\/v2\/pages\/3656","targetHints":{"allow":["GET"]}}],"collection":[{"href":"https:\/\/skskoltuk.com\/en\/wp-json\/wp\/v2\/pages"}],"about":[{"href":"https:\/\/skskoltuk.com\/en\/wp-json\/wp\/v2\/types\/page"}],"author":[{"embeddable":true,"href":"https:\/\/skskoltuk.com\/en\/wp-json\/wp\/v2\/users\/1"}],"replies":[{"embeddable":true,"href":"https:\/\/skskoltuk.com\/en\/wp-json\/wp\/v2\/comments?post=3656"}],"version-history":[{"count":5,"href":"https:\/\/skskoltuk.com\/en\/wp-json\/wp\/v2\/pages\/3656\/revisions"}],"predecessor-version":[{"id":4434,"href":"https:\/\/skskoltuk.com\/en\/wp-json\/wp\/v2\/pages\/3656\/revisions\/4434"}],"wp:attachment":[{"href":"https:\/\/skskoltuk.com\/en\/wp-json\/wp\/v2\/media?parent=3656"}],"curies":[{"name":"wp","href":"https:\/\/api.w.org\/{rel}","templated":true}]}}